{"id":11182,"date":"2018-01-20T14:50:50","date_gmt":"2018-01-20T13:50:50","guid":{"rendered":"http:\/\/marcelino.si\/demo\/kozjanskiraj2\/?page_id=11182"},"modified":"2015-04-29T23:37:16","modified_gmt":"2015-04-29T21:37:16","slug":"prevorje","status":"publish","type":"page","link":"https:\/\/www.poletni-tabori.si\/de\/lokacije-3\/prevorje\/","title":{"rendered":"Prevorje"},"content":{"rendered":"<div id='layer_slider_1'  class='avia-layerslider main_color avia-shadow  avia-builder-el-0  el_before_av_heading  avia-builder-el-first  container_wrap sidebar_right'  style='height: 251px; max-width: 1140px; margin: 0 auto;'  ><\/div><div id='after_layer_slider_1'  class='main_color av_default_container_wrap container_wrap sidebar_right'  ><div class='container av-section-cont-open' ><div class='template-page content  av-content-small alpha units'><div class='post-entry post-entry-type-page post-entry-11182'><div class='entry-content-wrapper clearfix'>\n\n<style type=\"text\/css\" data-created_by=\"avia_inline_auto\" id=\"style-css-av-av_heading-9ee3227858c26c8fb94c4f3de94e5540\">\n#top .av-special-heading.av-av_heading-9ee3227858c26c8fb94c4f3de94e5540{\npadding-bottom:10px;\ncolor:#006a9d;\n}\nbody .av-special-heading.av-av_heading-9ee3227858c26c8fb94c4f3de94e5540 .av-special-heading-tag .heading-char{\nfont-size:25px;\n}\n.av-special-heading.av-av_heading-9ee3227858c26c8fb94c4f3de94e5540 .special-heading-inner-border{\nborder-color:#006a9d;\n}\n.av-special-heading.av-av_heading-9ee3227858c26c8fb94c4f3de94e5540 .av-subheading{\nfont-size:15px;\n}\n<\/style>\n<div  class='av-special-heading av-av_heading-9ee3227858c26c8fb94c4f3de94e5540 av-special-heading-h3 custom-color-heading  avia-builder-el-1  el_after_av_layerslider  el_before_av_one_full  avia-builder-el-first '><h3 class='av-special-heading-tag '  itemprop=\"headline\"  >Prevorje<\/h3><div class=\"special-heading-border\"><div class=\"special-heading-inner-border\"><\/div><\/div><\/div>\n<div  class='flex_column av-av_one_full-2a9015ff38129c418a3f2eafba3e9512 av_one_full  avia-builder-el-2  el_after_av_heading  el_before_av_hr  first flex_column_div  '     ><section  class='av_textblock_section av-av_textblock-0366cc7376be6c9e82a3e9cc8987b64f '   itemscope=\"itemscope\" itemtype=\"https:\/\/schema.org\/CreativeWork\" ><div class='avia_textblock'  itemprop=\"text\" ><p style=\"text-align: justify;\">Im S\u00fcdosten der Gemeinde \u0160entjur erstreckt sich <strong>Prevorje<\/strong> in der abwechslungsreichen, h\u00fcgeligen Landschaft von Kozjansko. Es umfasst sechs D\u00f6rfer mit zusammen etwa 750 Einwohnern. Eine Zierde des Ortszentrums von Prevorje ist die idyllische <strong>Kirche St. Anna<\/strong> mit sch\u00f6nen Barockfresken. In unmittelbarer N\u00e4he steht die 1999 neu gebaute <strong>Filialschule Prevorje<\/strong>, die der Mittelpunkt des Geschehens im Ort ist. In ihr befindet sich n\u00e4mlich auch ein gro\u00dfer Mehrzweckraum f\u00fcr Kulturveranstaltungen und Freizeitaktivit\u00e4ten sowie eine Turnhalle f\u00fcr Erholung und \u00dcbernachtungen von Pfadfindern. In der direkten Umgebung befindet sich auch ein <strong>Sportzentrum mit Fussball-, Basketball- und Tennisplatz, und einer Boulebahn<\/strong>. In der Schule gibt es auch einen Kindergarten, der seine Spielanlagen unseren j\u00fcngesten Abenteurern benutzen l\u00e4sst.<\/p>\n<p style=\"text-align: justify;\">Eine Besonderheit der Schule ist die Kuppel mit einem <strong>astronomischen Observatorium<\/strong>, eine Sternwarte <strong>mit offenem Blick auf den s\u00fcdlichen Himmel<\/strong>. Da es in der Umgebung keine Belastung durch k\u00fcnstliches Licht gibt, ist Prevorje ein idealer Ort <strong>f\u00fcr Sternebeobachten<\/strong>.<\/p>\n<p style=\"text-align: justify;\">In\u00a0<strong>Prevorje <\/strong>werden alle Kinder zusammen in\u00a0<strong>der modernen Turnhalle<\/strong>\u00a0der neuen Grundschule von Prevorje einquartiert. Zusammen mit Betreuern schlafen sie auf besonderen weichen<strong>\u00a0Schlafmatten in Schlafs\u00e4cken<\/strong>. In der Schule gibt es\u00a0<strong>Duschanlagen<\/strong>\u00a0(<strong>getrennt f\u00fcr Jungen und M\u00e4dchen<\/strong>).<\/p>\n<\/div><\/section><\/div>\n<style type=\"text\/css\" data-created_by=\"avia_inline_auto\" id=\"style-css-av-av_hr-7952e76cc0b502e43e023fae877d014c\">\n#top .hr.av-av_hr-7952e76cc0b502e43e023fae877d014c{\nmargin-top:30px;\nmargin-bottom:30px;\n}\n.hr.av-av_hr-7952e76cc0b502e43e023fae877d014c .hr-inner{\nwidth:750px;\nborder-color:#6ba143;\n}\n<\/style>\n<div  class='hr av-av_hr-7952e76cc0b502e43e023fae877d014c hr-custom  avia-builder-el-4  el_after_av_one_full  el_before_av_one_half  hr-center hr-icon-no'><span class='hr-inner inner-border-av-border-thin'><span class=\"hr-inner-style\"><\/span><\/span><\/div><\/p>\n<div  class='flex_column av-av_one_half-2a9015ff38129c418a3f2eafba3e9512 av_one_half  avia-builder-el-5  el_after_av_hr  el_before_av_one_half  first flex_column_div  '     ><style type=\"text\/css\" data-created_by=\"avia_inline_auto\" id=\"style-css-av-av_gallery-2d49133844610a3a940b830548810bc4\">\n#top .avia-gallery.av-av_gallery-2d49133844610a3a940b830548810bc4 .avia-gallery-thumb a{\nwidth:20%;\n}\n<\/style>\n<div  class='avia-gallery av-av_gallery-2d49133844610a3a940b830548810bc4 avia_animate_when_visible  avia-builder-el-6  avia-builder-el-no-sibling  avia_lazyload av-slideshow-ui av-loop-manual-endless av-control-hidden av-navigate-arrows av-navigate-dots hover-effect av-control-hidden avia-gallery-animate avia-gallery-1'  itemprop=\"image\" itemscope=\"itemscope\" itemtype=\"https:\/\/schema.org\/ImageObject\" ><meta itemprop=\"contentURL\" content=\"https:\/\/www.poletni-tabori.si\/de\/lokacije-3\/prevorje\/\"><div class='avia-gallery-big-wrapper'><a class='avia-gallery-big fakeLightbox lightbox avia-gallery-big-crop-thumb ' href=\"https:\/\/www.poletni-tabori.si\/wp-content\/uploads\/2015\/04\/Prevorje_sola2.jpg\" data-srcset=\"https:\/\/www.poletni-tabori.si\/wp-content\/uploads\/2015\/04\/Prevorje_sola2.jpg 800w, https:\/\/www.poletni-tabori.si\/wp-content\/uploads\/2015\/04\/Prevorje_sola2-300x193.jpg 300w, https:\/\/www.poletni-tabori.si\/wp-content\/uploads\/2015\/04\/Prevorje_sola2-705x453.jpg 705w, https:\/\/www.poletni-tabori.si\/wp-content\/uploads\/2015\/04\/Prevorje_sola2-450x289.jpg 450w\" data-sizes=\"(max-width: 800px) 100vw, 800px\"  data-onclick='1' title='Prevorje_sola' ><span class='avia-gallery-big-inner'  itemprop=\"thumbnailUrl\" ><img decoding=\"async\" fetchpriority=\"high\" class=\"wp-image-13153 avia-img-lazy-loading-not-13153\"  width=\"495\" height=\"400\" src=\"https:\/\/www.poletni-tabori.si\/wp-content\/uploads\/2015\/04\/Prevorje_sola2-495x400.jpg\" title='Prevorje_sola' alt='' \/><\/span><\/a><\/div><div class='avia-gallery-thumb'><a href=\"https:\/\/www.poletni-tabori.si\/wp-content\/uploads\/2015\/04\/Prevorje_sola2.jpg\" data-srcset=\"https:\/\/www.poletni-tabori.si\/wp-content\/uploads\/2015\/04\/Prevorje_sola2.jpg 800w, https:\/\/www.poletni-tabori.si\/wp-content\/uploads\/2015\/04\/Prevorje_sola2-300x193.jpg 300w, https:\/\/www.poletni-tabori.si\/wp-content\/uploads\/2015\/04\/Prevorje_sola2-705x453.jpg 705w, https:\/\/www.poletni-tabori.si\/wp-content\/uploads\/2015\/04\/Prevorje_sola2-450x289.jpg 450w\" data-sizes=\"(max-width: 800px) 100vw, 800px\" data-rel='gallery-1' data-prev-img='https:\/\/www.poletni-tabori.si\/wp-content\/uploads\/2015\/04\/Prevorje_sola2-495x400.jpg' class='first_thumb lightbox ' data-onclick='1' title='Prevorje_sola'  itemprop=\"thumbnailUrl\"  ><img decoding=\"async\" fetchpriority=\"high\" class=\"wp-image-13153 avia-img-lazy-loading-not-13153\"   src=\"https:\/\/www.poletni-tabori.si\/wp-content\/uploads\/2015\/04\/Prevorje_sola2-495x400.jpg\" width=\"495\" height=\"400\"  title='Prevorje_sola' alt='' \/><div class='big-prev-fake'><img decoding=\"async\" loading=\"lazy\" class=\"wp-image-13153 avia-img-lazy-loading-13153\"  width=\"495\" height=\"400\" src=\"https:\/\/www.poletni-tabori.si\/wp-content\/uploads\/2015\/04\/Prevorje_sola2-495x400.jpg\" title='Prevorje_sola' alt='' \/><\/div><\/a><a href=\"https:\/\/www.poletni-tabori.si\/wp-content\/uploads\/2015\/04\/V-telovadnici-spoznavne-igre-1030x687.jpg\" data-rel='gallery-1' data-prev-img='https:\/\/www.poletni-tabori.si\/wp-content\/uploads\/2015\/04\/V-telovadnici-spoznavne-igre-495x400.jpg' class='lightbox ' data-onclick='2' title=''  itemprop=\"thumbnailUrl\"  ><img decoding=\"async\" fetchpriority=\"high\" class=\"wp-image-13157 avia-img-lazy-loading-not-13157\"   src=\"https:\/\/www.poletni-tabori.si\/wp-content\/uploads\/2015\/04\/V-telovadnici-spoznavne-igre-495x400.jpg\" width=\"495\" height=\"400\"  title='' alt='' \/><div class='big-prev-fake'><img decoding=\"async\" loading=\"lazy\" class=\"wp-image-13157 avia-img-lazy-loading-13157\"  width=\"495\" height=\"400\" src=\"https:\/\/www.poletni-tabori.si\/wp-content\/uploads\/2015\/04\/V-telovadnici-spoznavne-igre-495x400.jpg\" title='' alt='' \/><\/div><\/a><a href=\"https:\/\/www.poletni-tabori.si\/wp-content\/uploads\/2015\/04\/V-\u0161oli-8-1030x773.jpg\" data-rel='gallery-1' data-prev-img='https:\/\/www.poletni-tabori.si\/wp-content\/uploads\/2015\/04\/V-\u0161oli-8-495x400.jpg' class='lightbox ' data-onclick='3' title=''  itemprop=\"thumbnailUrl\"  ><img decoding=\"async\" fetchpriority=\"high\" class=\"wp-image-13155 avia-img-lazy-loading-not-13155\"   src=\"https:\/\/www.poletni-tabori.si\/wp-content\/uploads\/2015\/04\/V-\u0161oli-8-495x400.jpg\" width=\"495\" height=\"400\"  title='' alt='' \/><div class='big-prev-fake'><img decoding=\"async\" loading=\"lazy\" class=\"wp-image-13155 avia-img-lazy-loading-13155\"  width=\"495\" height=\"400\" src=\"https:\/\/www.poletni-tabori.si\/wp-content\/uploads\/2015\/04\/V-\u0161oli-8-495x400.jpg\" title='' alt='' \/><\/div><\/a><\/div><\/div><\/div>\n<div  class='flex_column av-av_one_half-37839bf3a2dc3bf3e68c8c1906c9a607 av_one_half  avia-builder-el-7  el_after_av_one_half  el_before_av_one_full  flex_column_div  '     ><\/div>\n<div  class='flex_column av-av_one_full-2a9015ff38129c418a3f2eafba3e9512 av_one_full  avia-builder-el-9  el_after_av_one_half  el_before_av_heading  first flex_column_div  column-top-margin'     ><section  class='av_textblock_section av-av_textblock-0366cc7376be6c9e82a3e9cc8987b64f '   itemscope=\"itemscope\" itemtype=\"https:\/\/schema.org\/CreativeWork\" ><div class='avia_textblock'  itemprop=\"text\" ><p style=\"text-align: justify;\">Prevorje birgt aber noch ein\u00a0<strong>aufregendes Geheimnis<\/strong>. In Kozjansko war n\u00e4mlich seinerzeit\u00a0<strong>Franc Guzej<\/strong>, bekannt als\u00a0<strong>der Gesetzlose Guzaj<\/strong>\u00a0oder der\u00a0<strong>Robin Hood von Kozjansko<\/strong>, unterwegs, der den Reichen nahm und den Armen gab. Sein interessantes Leben w\u00fchlt noch immer die literarischen Geister auf, und er liegt auf dem Friedhof der Kirche Sankt Anna in Prevorje begraben.\u00a0Mehr \u00fcber Guzaj: <span style=\"text-decoration: underline;\">www.guzaj.si.<\/span><\/p>\n<p style=\"text-align: justify;\">Der Ort birgt aber noch viele Sehensw\u00fcrdigkeiten, die es zu entdecken gilt. Eine Besonderheit sind das strohgedeckte <strong>alte Kozjansko-Haus<\/strong>, die <strong>typischen Heuharfen von Kozjansko<\/strong>, aber auch Bauernh\u00f6fe der Umgebung, auf denen sich noch <strong>altes Werkzeug<\/strong> und Zubeh\u00f6r f\u00fcr die Arbeit auf dem Bauernhof befindet. Bis heute hat sich im Ort bodenst\u00e4ndiges Handwerk erhalten, darunter Korbmacherei, N\u00e4hen auf Leinen, H\u00e4keln und Stricken mit Wolle. <strong>Das M\u00fcllerhandwerk<\/strong>, das einst am Bach Bistrica gedieh, ist leider ausgestorben, aber alte Wasserm\u00fchlen sind noch heute zu besichtigen. Ebenso erwacht der Landtourismus, der den G\u00e4sten reiten in der idyllischen Natur und<\/p>\n<p style=\"text-align: justify;\">Turisti\u010dni programi za <strong>skupine in dru\u017eine na Kozjanskem<\/strong>: <a href=\"http:\/\/www.kozjansko.si\">www.kozjansko.si<\/a>.<\/p>\n<p style=\"text-align: justify;\">Ve\u010d o dogajanju na Prevorju na: <a href=\"http:\/\/www.prevorje.si\/\">www.prevorje.si<\/a><span style=\"text-decoration: underline;\">.<\/span><\/p>\n<p>Ve\u010d o Podru\u017eni\u010dni osnovni \u0161oli Prevorje:<br \/> <a href=\"http:\/\/www.os-slivnica.si\/index.php\/pos-prevorje\">Podru\u017eni\u010dna osnovna \u0161ola Prevorje<\/a><\/p>\n<p style=\"text-align: justify;\">Ve\u010d o razbojniku Guzaju lahko preberete na:<br \/> <a href=\"http:\/\/www.guzaj.si\/\">Ve\u010djezi\u010dni informativno-turisti\u010dni portal o Guzaju<\/a><\/p>\n<\/div><\/section><\/div>\n","protected":false},"excerpt":{"rendered":"","protected":false},"author":2,"featured_media":0,"parent":11170,"menu_order":0,"comment_status":"open","ping_status":"closed","template":"","meta":{"_analytify_skip_tracking":false,"ngg_post_thumbnail":0,"footnotes":""},"class_list":["post-11182","page","type-page","status-publish","hentry"],"amp_enabled":true,"_links":{"self":[{"href":"https:\/\/www.poletni-tabori.si\/de\/wp-json\/wp\/v2\/pages\/11182","targetHints":{"allow":["GET"]}}],"collection":[{"href":"https:\/\/www.poletni-tabori.si\/de\/wp-json\/wp\/v2\/pages"}],"about":[{"href":"https:\/\/www.poletni-tabori.si\/de\/wp-json\/wp\/v2\/types\/page"}],"author":[{"embeddable":true,"href":"https:\/\/www.poletni-tabori.si\/de\/wp-json\/wp\/v2\/users\/2"}],"replies":[{"embeddable":true,"href":"https:\/\/www.poletni-tabori.si\/de\/wp-json\/wp\/v2\/comments?post=11182"}],"version-history":[{"count":0,"href":"https:\/\/www.poletni-tabori.si\/de\/wp-json\/wp\/v2\/pages\/11182\/revisions"}],"up":[{"embeddable":true,"href":"https:\/\/www.poletni-tabori.si\/de\/wp-json\/wp\/v2\/pages\/11170"}],"wp:attachment":[{"href":"https:\/\/www.poletni-tabori.si\/de\/wp-json\/wp\/v2\/media?parent=11182"}],"curies":[{"name":"wp","href":"https:\/\/api.w.org\/{rel}","templated":true}]}}