{"id":11489,"date":"2026-02-20T09:10:09","date_gmt":"2026-02-20T08:10:09","guid":{"rendered":"http:\/\/marcelino.si\/demo\/kozjanskiraj2\/?page_id=11489"},"modified":"2026-02-22T11:14:21","modified_gmt":"2026-02-22T10:14:21","slug":"preise","status":"publish","type":"page","link":"https:\/\/www.poletni-tabori.si\/de\/preise\/","title":{"rendered":"Preise"},"content":{"rendered":"\n<style type=\"text\/css\" data-created_by=\"avia_inline_auto\" id=\"style-css-av-lbok9t-bcb0e99915c8bf17a86d2df830468c51\">\n#top .av-special-heading.av-lbok9t-bcb0e99915c8bf17a86d2df830468c51{\npadding-bottom:10px;\ncolor:#006a9d;\n}\nbody .av-special-heading.av-lbok9t-bcb0e99915c8bf17a86d2df830468c51 .av-special-heading-tag .heading-char{\nfont-size:25px;\n}\n.av-special-heading.av-lbok9t-bcb0e99915c8bf17a86d2df830468c51 .special-heading-inner-border{\nborder-color:#006a9d;\n}\n.av-special-heading.av-lbok9t-bcb0e99915c8bf17a86d2df830468c51 .av-subheading{\nfont-size:15px;\n}\n<\/style>\n<div  class='av-special-heading av-lbok9t-bcb0e99915c8bf17a86d2df830468c51 av-special-heading-h3 custom-color-heading  avia-builder-el-0  el_before_av_repeatable_content  avia-builder-el-first '><h3 class='av-special-heading-tag '  itemprop=\"headline\"  >Preise<\/h3><div class=\"special-heading-border\"><div class=\"special-heading-inner-border\"><\/div><\/div><\/div>\n\n<style type=\"text\/css\" data-created_by=\"avia_inline_auto\" id=\"style-css-av-u990gx-f8fbd0cb4b4440496d9a791824538d15\">\n.flex_column.av-u990gx-f8fbd0cb4b4440496d9a791824538d15{\nborder-radius:0px 0px 0px 0px;\npadding:0px 0px 0px 0px;\n}\n<\/style>\n<div  class='flex_column av-u990gx-f8fbd0cb4b4440496d9a791824538d15 av_one_full  avia-builder-el-2  el_after_av_repeatable_content  el_before_av_promobox  first flex_column_div av-zero-column-padding  '     ><style type=\"text\/css\" data-created_by=\"avia_inline_auto\" id=\"style-css-av-6m57sgj-16be43a5a05b00c0e3becc557ffab627\">\n.av_promobox.av-6m57sgj-16be43a5a05b00c0e3becc557ffab627{\ncolor:#ffffff;\nbackground:#ffffff;\nborder-color:#333333;\n}\n<\/style>\n<div  class='av_promobox av-6m57sgj-16be43a5a05b00c0e3becc557ffab627 avia-button-no'><div class='avia-promocontent'><\/p>\n<h3><strong>73 einzigartige Sprachcamps in 17 Jahren! <span style=\"color: #ff0000;\"><a href=\"\/?page_id=11703\" target=\"_blank\" rel=\"noopener\">Anmeldungen<\/a> sind jetzt offen!<\/span><\/strong><\/h3>\n<p>\n<\/div><\/div><\/div>\n<div  class='flex_column av-3fnx0sh-d02f42555366be603e8bec409277c591 av_one_full first flex_column_div  '     ><p><section  class='av_textblock_section av-31cbmwx-b1b63c3aa7c33fe978a7f7726d48aa0d '   itemscope=\"itemscope\" itemtype=\"https:\/\/schema.org\/CreativeWork\" ><div class='avia_textblock'  itemprop=\"text\" ><p><strong><span style=\"color: #008000;\">Internationale Sommer-Sprachcamps &#8211; Preise<\/span><\/strong><\/p>\n<p><strong><span style=\"color: #008000;\"><span style=\"text-decoration: underline;\">Camport \u2013 Prevorje (Preise f\u00fcr das Programm mit der Unterkunft):<\/span> <\/span><\/strong><\/p>\n<p><strong><a href=\"https:\/\/www.poletni-tabori.si\/de\/portfolio-item\/foto-sportcamp-prevorje\/\" target=\"_blank\" rel=\"noopener\">Foto-Sportcamp mit einem Englisch-Muttersprachler<\/a><span style=\"color: #0000ff;\"> &#8211; Prevorje (8 Tage, von 10 bis 15 Jahre)<\/span><\/strong><br \/>\n25. 7.&nbsp; \u2013 1. 8. 2026<strong>: 649 \u20ac<\/strong><\/p>\n<p><strong>Foto-Sportcamp mit einem Englisch-Muttersprachler &#8211; <span style=\"color: #0000ff;\">Krvavec (6 Tage, von 10 bis 14 Jahre)<\/span><\/strong><br \/>\n16. 8.&nbsp; \u2013 21. 8. 2026<strong>: 659 \u20ac<\/strong><\/p>\n<p><span style=\"color: #ff0000;\"><br \/>\n<\/span> <strong><u><b>Camport &#8211; Naturpark Arboretum Vol\u010dji Potok (bei Kamnik)<\/b><\/u><\/strong><\/p>\n<p><strong><a href=\"https:\/\/www.poletni-tabori.si\/portfolio-item\/angleski-tabor-v-arboretumu\/\" target=\"_blank\" rel=\"noopener\">Camp im Naturpark Arboretum &#8211; von 8 bis 16 Uhr <\/a>(<span style=\"color: #0000ff;\">5 Tage, von 6 bis 10 Jahre<\/span>)<\/strong><br \/>\n13. 7. \u2013 17. 7. 2025<strong>: 289 \u20ac<\/strong><\/p>\n<p><strong>Zus\u00e4tzlich braucht das Kind Eintrittskarte: Gruppenpreis 5 Euro\/Tag<\/strong><br \/>\nMittagessen:&nbsp; ca. 7 Euro\/Tag (nach Wunsch)<\/p>\n<p><strong><span style=\"color: #ff0000;\">&nbsp;<\/span><\/strong><\/p>\n<p>Dieser Rabatt kann nicht mit anderen Rabatten kombiniert werden.<\/p>\n<p style=\"text-align: justify;\"><strong><span style=\"color: #000000;\">14 Tage<\/span> <\/strong>nach der Anmeldung werden <strong>30 Prozent<\/strong> des Gesamtbetrags f\u00e4llig, womit der Platz garantiert werden kann.<\/p>\n<p style=\"text-align: justify;\"><strong><span style=\"color: #0000ff;\">Im Preis<\/span> <\/strong>f\u00fcr alle Programme enthalten sind: <strong><span style=\"color: #000000;\">Geb\u00fchr f\u00fcr das gesamte Programm, alle Mahlzeiten und Getr\u00e4nke<\/span><\/strong> (Fr\u00fchst\u00fcck, Mittagessen, Imbisse, Abendessen), <strong><span style=\"color: #000000;\">Englisch, Slowenisch und Deutsch sprechende Betreuer und mehrsprachige Lehrer, Unterkunft und alle im Programm vorgesehenen Transportkosten, Krankenschutz, durchgehende Betreuung der Kinder.<br \/>\nDie Gruppengr\u00f6\u00dfe ist auf h\u00f6chstens 7-8 Kinder begrenzt, an einem Einzeltermin auf 16 Kinder, da jeder Teilnehmer des Sommercamps individuell betreut wird.<\/span><\/strong><\/p>\n<p style=\"text-align: justify;\"><strong><span style=\"color: #000000;\">F\u00fcr die Gruppen \u00fcber 6 Kinder<\/span> <\/strong>kann auch <strong><span style=\"color: #000000;\">eine Reisebegleitung aus Deutschland, \u00d6ssterreich oder aus der Schweiz organisiert werden.<\/span><\/strong><\/p>\n<p style=\"text-align: justify;\">Anmeldungen m\u00f6glich, <strong><span style=\"color: #0000ff;\">bis freie Pl\u00e4tze verf\u00fcgbar sind.<\/span>&nbsp;<\/strong><\/p>\n<p><strong><span style=\"color: #0000ff;\">WOHLT\u00c4TIGE AKTION<\/span><\/strong><br \/>\n<strong><span style=\"color: #000000;\">In die Sprachcamps integrieren wir auch kostenlos Kinder aus sozial benachteiligten Familien<\/span><\/strong>. Mit Ihrer Anmeldung unterst\u00fctzen auch Sie direkt die Realisierung dieses Projektes.<\/p>\n<p>\n<style type=\"text\/css\" data-created_by=\"avia_inline_auto\" id=\"style-css-av-2h4f2pt-dd12d9776206786adf3930aa6447e9bb\">\n#top .hr.hr-invisible.av-2h4f2pt-dd12d9776206786adf3930aa6447e9bb{\nheight:50px;\n}\n<\/style>\n<div  class='hr av-2h4f2pt-dd12d9776206786adf3930aa6447e9bb hr-invisible  avia-builder-el-4  avia-builder-el-no-sibling '><span class='hr-inner '><span class=\"hr-inner-style\"><\/span><\/span><\/div><br \/>\n<a href=\"https:\/\/www.poletni-tabori.si\/wp-content\/uploads\/2015\/04\/changes-or-cancellation-of-registration-Camps-JS_NAVITAS-jan2015.pdf\" target=\"_blank\" rel=\"noopener noreferrer\">Reiser\u00fccktrittversicherung nach dem EU-Tourismusrecht.<\/a><\/p>\n<\/div><\/section><br \/>\n\n<style type=\"text\/css\" data-created_by=\"avia_inline_auto\" id=\"style-css-av-22vzach-a3f59d0230f394abe768ea211280a7fb\">\n.av_promobox.av-22vzach-a3f59d0230f394abe768ea211280a7fb{\ncolor:#ffffff;\nbackground:#006a9d;\nborder-color:#ffffff;\n}\n<\/style>\n<div  class='av_promobox av-22vzach-a3f59d0230f394abe768ea211280a7fb avia-button-yes  avia-builder-el-5  el_after_av_textblock  avia-builder-el-last '><div class='avia-promocontent'><\/p>\n<h3><span style=\"color: #ffffff;\">Internationale Sommer-Sprachcamps f\u00fcr Kinder<\/span><\/h3>\n<p>\n<\/div><div  class='avia-button-wrap av-22vzach-0df6867942f66b3031a2dde04d6ecf38-wrap avia-button-right '>\n<style type=\"text\/css\" data-created_by=\"avia_inline_auto\" id=\"style-css-av-22vzach-0df6867942f66b3031a2dde04d6ecf38\">\n#top #wrap_all .avia-button.av-22vzach-0df6867942f66b3031a2dde04d6ecf38{\nbackground-color:#6ba143;\nborder-color:#6ba143;\ncolor:#ffffff;\ntransition:all 0.4s ease-in-out;\n}\n#top #wrap_all .avia-button.av-22vzach-0df6867942f66b3031a2dde04d6ecf38 .avia-svg-icon svg:first-child{\nfill:#ffffff;\nstroke:#ffffff;\n}\n<\/style>\n<a href='https:\/\/www.poletni-tabori.si\/?page_id=3297'  class='avia-button av-22vzach-0df6867942f66b3031a2dde04d6ecf38 av-link-btn avia-icon_select-no avia-size-large avia-position-right'   aria-label=\"ANMELDEFORMULAR\"><span class='avia_iconbox_title' >ANMELDEFORMULAR<\/span><\/a><\/div><\/div><\/p><\/div>\n<style type=\"text\/css\" data-created_by=\"avia_inline_auto\" id=\"style-css-av-1tc9qtd-a10a895318439e7684e7fed74604b052\">\n.av_promobox.av-1tc9qtd-a10a895318439e7684e7fed74604b052{\ncolor:#ffffff;\nbackground:#5ec117;\nborder-color:# 006a9d;\n}\n<\/style>\n<div  class='av_promobox av-1tc9qtd-a10a895318439e7684e7fed74604b052 avia-button-no  avia-builder-el-6  el_after_av_one_full  el_before_av_repeatable_content '><div class='avia-promocontent'><p>\n<strong><span style=\"color: #000000;\">Programm der Aktivit\u00e4tet auf dem Land:<\/span><\/strong><\/p>\n<p>\n<style type=\"text\/css\" data-created_by=\"avia_inline_auto\" id=\"style-css-av-4mnh35-821cf2038c6130109eb37c30fc1828dc\">\n#top .hr.hr-invisible.av-4mnh35-821cf2038c6130109eb37c30fc1828dc{\nheight:20px;\n}\n<\/style>\n<div  class='hr av-4mnh35-821cf2038c6130109eb37c30fc1828dc hr-invisible  avia-builder-el-7  avia-builder-el-no-sibling '><span class='hr-inner '><span class=\"hr-inner-style\"><\/span><\/span><\/div><\/p>\n<ul>\n<li><span style=\"color: #ffffff;\">Lernen wir slowenische l\u00e4ndliche Tradition und das Leben auf dem Bauernhof kennen<\/span><\/li>\n<li><span style=\"color: #ffffff;\">Lernen wir die Bewohner des Waldes, des Flusses und der Wiese kennen<\/span><\/li>\n<li><span style=\"color: #ffffff;\">Erweitern und vertiefen wir unsere Sprachkenntnisse und sprechen wir auf Slowenisch, Englisch, Spanisch, Deutsch und Russisch<\/span><\/li>\n<li><span style=\"color: #ffffff;\">Besuchen wir einen Bauernhof und freunden wir uns mit den Tieren an<\/span><\/li>\n<li><span style=\"color: #ffffff;\">Reiten wir Pferde, melken K\u00fche und f\u00fcttern wir Damwild<\/span><\/li>\n<li><span style=\"color: #ffffff;\">Lernen wir \u00fcber Bienen und backen wir selbst Brot<\/span><\/li>\n<li><span style=\"color: #ffffff;\">Lernen wir fotografieren und filmen&nbsp;<\/span><\/li>\n<li><span style=\"color: #ffffff;\">Lernen wir den R\u00e4uber Guzaj kennen<\/span><\/li>\n<li><span style=\"color: #ffffff;\">Sammeln wir wilde Kr\u00e4uter und Fr\u00fcchte der Natur<\/span><\/li>\n<li><span style=\"color: #ffffff;\">Arbeiten wir mit nat\u00fcrlichen Werkstoffen (Wolle, Heu, Holz, Samen, Papier u.\u00e4.)<\/span><\/li>\n<li><span style=\"color: #ffffff;\">Baden und spielen wir im Wasser oder im Bach<\/span><\/li>\n<li><span style=\"color: #ffffff;\">Lassen wir uns bei den Kl\u00e4ngen eines Gongs verw\u00f6hnen und tanzen in der Natur<\/span><\/li>\n<li><span style=\"color: #ffffff;\">Lernen wir Inlineskaten und machen wir Yoga<\/span><\/li>\n<li><span style=\"color: #ffffff;\">Unterhalten wir uns mit Sportaktivit\u00e4ten (Boule, Tennis, Volleyball, Fussball, Klettern uws.)<\/span><\/li>\n<li><span style=\"color: #ffffff;\">Wandern wir in der h\u00fcgelreichen, bildhaften Natur<\/span><\/li>\n<li><span style=\"color: #ffffff;\">Beobachten wir den Sternenhimmel mit einem Fernrohr<\/span><\/li>\n<li><span style=\"color: #ffffff;\">Singen wir in verschiedenen Sprachen am Lagerfeuer<\/span><\/li>\n<li><span style=\"color: #ffffff;\">Schlafen wir auf duftendem Heu ein<\/span><\/li>\n<li><span style=\"color: #ffffff;\">und haben viel Spass in der Natur :-)<\/span><\/li>\n<\/ul>\n<p>\n<\/div><\/div><\/p>\n\n<style type=\"text\/css\" data-created_by=\"avia_inline_auto\" id=\"style-css-av-u990gx-f8fbd0cb4b4440496d9a791824538d15\">\n.flex_column.av-u990gx-f8fbd0cb4b4440496d9a791824538d15{\nborder-radius:0px 0px 0px 0px;\npadding:0px 0px 0px 0px;\n}\n<\/style>\n<div  class='flex_column av-u990gx-f8fbd0cb4b4440496d9a791824538d15 av_one_full first flex_column_div av-zero-column-padding  '     ><style type=\"text\/css\" data-created_by=\"avia_inline_auto\" id=\"style-css-av-6m57sgj-16be43a5a05b00c0e3becc557ffab627\">\n.av_promobox.av-6m57sgj-16be43a5a05b00c0e3becc557ffab627{\ncolor:#ffffff;\nbackground:#ffffff;\nborder-color:#333333;\n}\n<\/style>\n<div  class='av_promobox av-6m57sgj-16be43a5a05b00c0e3becc557ffab627 avia-button-no'><div class='avia-promocontent'><\/p>\n<h3><strong>73 einzigartige Sprachcamps in 17 Jahren! <span style=\"color: #ff0000;\"><a href=\"\/?page_id=11703\" target=\"_blank\" rel=\"noopener\">Anmeldungen<\/a> sind jetzt offen!<\/span><\/strong><\/h3>\n<p>\n<\/div><\/div><\/div>\n","protected":false},"excerpt":{"rendered":"","protected":false},"author":1,"featured_media":16261,"parent":0,"menu_order":0,"comment_status":"open","ping_status":"closed","template":"","meta":{"_analytify_skip_tracking":false,"ngg_post_thumbnail":0,"footnotes":""},"class_list":["post-11489","page","type-page","status-publish","has-post-thumbnail","hentry"],"amp_enabled":true,"_links":{"self":[{"href":"https:\/\/www.poletni-tabori.si\/de\/wp-json\/wp\/v2\/pages\/11489","targetHints":{"allow":["GET"]}}],"collection":[{"href":"https:\/\/www.poletni-tabori.si\/de\/wp-json\/wp\/v2\/pages"}],"about":[{"href":"https:\/\/www.poletni-tabori.si\/de\/wp-json\/wp\/v2\/types\/page"}],"author":[{"embeddable":true,"href":"https:\/\/www.poletni-tabori.si\/de\/wp-json\/wp\/v2\/users\/1"}],"replies":[{"embeddable":true,"href":"https:\/\/www.poletni-tabori.si\/de\/wp-json\/wp\/v2\/comments?post=11489"}],"version-history":[{"count":8,"href":"https:\/\/www.poletni-tabori.si\/de\/wp-json\/wp\/v2\/pages\/11489\/revisions"}],"predecessor-version":[{"id":29185,"href":"https:\/\/www.poletni-tabori.si\/de\/wp-json\/wp\/v2\/pages\/11489\/revisions\/29185"}],"wp:featuredmedia":[{"embeddable":true,"href":"https:\/\/www.poletni-tabori.si\/de\/wp-json\/wp\/v2\/media\/16261"}],"wp:attachment":[{"href":"https:\/\/www.poletni-tabori.si\/de\/wp-json\/wp\/v2\/media?parent=11489"}],"curies":[{"name":"wp","href":"https:\/\/api.w.org\/{rel}","templated":true}]}}