{"id":12323,"date":"2015-05-04T16:04:20","date_gmt":"2015-05-04T14:04:20","guid":{"rendered":"http:\/\/marcelino.si\/demo\/kozjanskiraj2\/novice-in-dogodki-3\/"},"modified":"2015-05-06T04:57:17","modified_gmt":"2015-05-06T02:57:17","slug":"novice-in-dogodki","status":"publish","type":"page","link":"https:\/\/www.poletni-tabori.si\/de\/novice-in-dogodki\/","title":{"rendered":"Nachrichten und Veranstaltungen"},"content":{"rendered":"<div id='layer_slider_1'  class='avia-layerslider main_color avia-shadow  avia-builder-el-0  el_before_av_heading  avia-builder-el-first  container_wrap sidebar_right'  style='height: 251px; max-width: 1130px; margin: 0 auto;'  ><\/div><div id='after_layer_slider_1'  class='main_color av_default_container_wrap container_wrap sidebar_right'  ><div class='container av-section-cont-open' ><div class='template-page content  av-content-small alpha units'><div class='post-entry post-entry-type-page post-entry-12323'><div class='entry-content-wrapper clearfix'>\n\n<style type=\"text\/css\" data-created_by=\"avia_inline_auto\" id=\"style-css-av-av_heading-61e231742285df5ba0f0151aa1c05c38\">\n#top .av-special-heading.av-av_heading-61e231742285df5ba0f0151aa1c05c38{\npadding-bottom:10px;\ncolor:#006a9d;\n}\nbody .av-special-heading.av-av_heading-61e231742285df5ba0f0151aa1c05c38 .av-special-heading-tag .heading-char{\nfont-size:25px;\n}\n.av-special-heading.av-av_heading-61e231742285df5ba0f0151aa1c05c38 .special-heading-inner-border{\nborder-color:#006a9d;\n}\n.av-special-heading.av-av_heading-61e231742285df5ba0f0151aa1c05c38 .av-subheading{\nfont-size:15px;\n}\n<\/style>\n<div  class='av-special-heading av-av_heading-61e231742285df5ba0f0151aa1c05c38 av-special-heading-h3 custom-color-heading  avia-builder-el-1  el_after_av_layerslider  el_before_av_hr  avia-builder-el-first '><h3 class='av-special-heading-tag '  itemprop=\"headline\"  >Nachrichten und Veranstaltungen<\/h3><div class=\"special-heading-border\"><div class=\"special-heading-inner-border\"><\/div><\/div><\/div>\n\n<style type=\"text\/css\" data-created_by=\"avia_inline_auto\" id=\"style-css-av-av_hr-0688d0b0b6ed2f8b057db7a8270206df\">\n#top .hr.hr-invisible.av-av_hr-0688d0b0b6ed2f8b057db7a8270206df{\nheight:50px;\n}\n<\/style>\n<div  class='hr av-av_hr-0688d0b0b6ed2f8b057db7a8270206df hr-invisible  avia-builder-el-2  el_after_av_heading  el_before_av_one_full '><span class='hr-inner '><span class=\"hr-inner-style\"><\/span><\/span><\/div>\n<div  class='flex_column av-av_one_full-2a9015ff38129c418a3f2eafba3e9512 av_one_full  avia-builder-el-3  el_after_av_hr  el_before_av_hr  first flex_column_div  '     ><div  id=\"avia-magazine-1\"  class='av-magazine av-av_magazine-39442eb1dde8bc5a773b19d31b8d85de av-magazine-top-bar-active av-magazine-tabs-active  avia-builder-el-4  avia-builder-el-no-sibling   avia-builder-el-4  avia-builder-el-no-sibling ' ><div class='av-magazine-top-bar '><\/div><div class='av-magazine-group sort_all'><article class='av-magazine-entry av-magazine-entry-id-12327 av-magazine-format-standard av-magazine-type-post av-magazine-entry-1 av-magazine-entry-small av-magazine-no-thumb'  itemscope=\"itemscope\" itemtype=\"https:\/\/schema.org\/CreativeWork\" ><div class=\"av-magazine-content-wrap\"><header class=\"entry-content-header\" aria-label=\"Post: 12% Erm\u00e4ssigung auf alle Programme\"><time class='av-magazine-time updated'  itemprop=\"datePublished\" datetime=\"2015-04-28T10:20:37+02:00\" >28. April 2015<\/time><h3 class='av-magazine-title entry-title '  itemprop=\"headline\" ><a href='https:\/\/www.poletni-tabori.si\/de\/12-popust-za-zgodnje-prijave\/' title='Link zu: 12% Erm\u00e4ssigung auf alle Programme'>12% Erm\u00e4ssigung auf alle Programme<\/a><\/h3><\/header><\/div><footer class=\"entry-footer\"><\/footer><\/article><article class='av-magazine-entry av-magazine-entry-id-12333 av-magazine-format-standard av-magazine-type-post av-magazine-entry-2 av-magazine-entry-small av-magazine-no-thumb'  itemscope=\"itemscope\" itemtype=\"https:\/\/schema.org\/CreativeWork\" ><div class=\"av-magazine-content-wrap\"><header class=\"entry-content-header\" aria-label=\"Post: 6-st\u00fcndigen Englishkurs f\u00fcr Erwachsene und Kinder\"><time class='av-magazine-time updated'  itemprop=\"datePublished\" datetime=\"2015-04-28T10:13:17+02:00\" >28. April 2015<\/time><h3 class='av-magazine-title entry-title '  itemprop=\"headline\" ><a href='https:\/\/www.poletni-tabori.si\/de\/jezikovni-oddih-v-termah-zrece\/' title='Link zu: 6-st\u00fcndigen Englishkurs f\u00fcr Erwachsene und Kinder'>6-st\u00fcndigen Englishkurs f\u00fcr Erwachsene und Kinder<\/a><\/h3><\/header><\/div><footer class=\"entry-footer\"><\/footer><\/article><\/div><\/div><\/div>\n<div  class='hr av-av_hr-dcd2069817a0e3d34ae04cad8f3443c7 hr-default  avia-builder-el-5  el_after_av_one_full  avia-builder-el-last '><span class='hr-inner '><span class=\"hr-inner-style\"><\/span><\/span><\/div>\n","protected":false},"excerpt":{"rendered":"","protected":false},"author":1,"featured_media":0,"parent":0,"menu_order":0,"comment_status":"open","ping_status":"closed","template":"","meta":{"_analytify_skip_tracking":false,"ngg_post_thumbnail":0,"footnotes":""},"class_list":["post-12323","page","type-page","status-publish","hentry"],"amp_enabled":true,"_links":{"self":[{"href":"https:\/\/www.poletni-tabori.si\/de\/wp-json\/wp\/v2\/pages\/12323","targetHints":{"allow":["GET"]}}],"collection":[{"href":"https:\/\/www.poletni-tabori.si\/de\/wp-json\/wp\/v2\/pages"}],"about":[{"href":"https:\/\/www.poletni-tabori.si\/de\/wp-json\/wp\/v2\/types\/page"}],"author":[{"embeddable":true,"href":"https:\/\/www.poletni-tabori.si\/de\/wp-json\/wp\/v2\/users\/1"}],"replies":[{"embeddable":true,"href":"https:\/\/www.poletni-tabori.si\/de\/wp-json\/wp\/v2\/comments?post=12323"}],"version-history":[{"count":0,"href":"https:\/\/www.poletni-tabori.si\/de\/wp-json\/wp\/v2\/pages\/12323\/revisions"}],"wp:attachment":[{"href":"https:\/\/www.poletni-tabori.si\/de\/wp-json\/wp\/v2\/media?parent=12323"}],"curies":[{"name":"wp","href":"https:\/\/api.w.org\/{rel}","templated":true}]}}