{"id":16715,"date":"2016-07-06T23:50:36","date_gmt":"2016-07-06T21:50:36","guid":{"rendered":"http:\/\/www.poletni-tabori.si\/de\/foto-video\/holidays-on-the-farm-solcava-3-8-7-2016\/"},"modified":"2016-07-09T21:54:49","modified_gmt":"2016-07-09T19:54:49","slug":"ferien-auf-dem-bauenhof-solcava-3-8-7-2016","status":"publish","type":"page","link":"https:\/\/www.poletni-tabori.si\/de\/foto-video\/ferien-auf-dem-bauenhof-solcava-3-8-7-2016\/","title":{"rendered":"Ferien auf dem Bauenhof \u2013 Sol\u010dava \u2013 3.-8.7.2016"},"content":{"rendered":"<div id='layer_slider_1'  class='avia-layerslider main_color avia-shadow  avia-builder-el-0  el_before_av_heading  avia-builder-el-first  container_wrap sidebar_right'  style='height: 251px; max-width: 1130px; margin: 0 auto;'  ><\/div><div id='after_layer_slider_1'  class='main_color av_default_container_wrap container_wrap sidebar_right'  ><div class='container av-section-cont-open' ><div class='template-page content  av-content-small alpha units'><div class='post-entry post-entry-type-page post-entry-16715'><div class='entry-content-wrapper clearfix'>\n\n<style type=\"text\/css\" data-created_by=\"avia_inline_auto\" id=\"style-css-av-av_heading-b3f4eb5636a6a2d09fb2b71ae9674ab2\">\n#top .av-special-heading.av-av_heading-b3f4eb5636a6a2d09fb2b71ae9674ab2{\npadding-bottom:10px;\ncolor:#006a9d;\n}\nbody .av-special-heading.av-av_heading-b3f4eb5636a6a2d09fb2b71ae9674ab2 .av-special-heading-tag .heading-char{\nfont-size:25px;\n}\n.av-special-heading.av-av_heading-b3f4eb5636a6a2d09fb2b71ae9674ab2 .special-heading-inner-border{\nborder-color:#006a9d;\n}\n.av-special-heading.av-av_heading-b3f4eb5636a6a2d09fb2b71ae9674ab2 .av-subheading{\nfont-size:15px;\n}\n<\/style>\n<div  class='av-special-heading av-av_heading-b3f4eb5636a6a2d09fb2b71ae9674ab2 av-special-heading-h3 custom-color-heading  avia-builder-el-1  el_after_av_layerslider  el_before_av_heading  avia-builder-el-first '><h3 class='av-special-heading-tag '  itemprop=\"headline\"  >Ferien auf dem Bauenhof \u2013 Sol\u010dava \u2013 3.-8.7.2016<\/h3><div class=\"special-heading-border\"><div class=\"special-heading-inner-border\"><\/div><\/div><\/div>\n\n<style type=\"text\/css\" data-created_by=\"avia_inline_auto\" id=\"style-css-av-av_heading-2a9c6ad7d684d3efb699ee3fddeadf44\">\n#top .av-special-heading.av-av_heading-2a9c6ad7d684d3efb699ee3fddeadf44{\npadding-bottom:10px;\ncolor:#006a9d;\n}\nbody .av-special-heading.av-av_heading-2a9c6ad7d684d3efb699ee3fddeadf44 .av-special-heading-tag .heading-char{\nfont-size:25px;\n}\n.av-special-heading.av-av_heading-2a9c6ad7d684d3efb699ee3fddeadf44 .special-heading-inner-border{\nborder-color:#006a9d;\n}\n.av-special-heading.av-av_heading-2a9c6ad7d684d3efb699ee3fddeadf44 .av-subheading{\nfont-size:15px;\n}\n<\/style>\n<div  class='av-special-heading av-av_heading-2a9c6ad7d684d3efb699ee3fddeadf44 av-special-heading-h3 custom-color-heading  avia-builder-el-2  el_after_av_heading  el_before_av_textblock '><h3 class='av-special-heading-tag '  itemprop=\"headline\"  >Fotos von den Camps<\/h3><div class=\"special-heading-border\"><div class=\"special-heading-inner-border\"><\/div><\/div><\/div>\n<section  class='av_textblock_section av-av_textblock-0366cc7376be6c9e82a3e9cc8987b64f '   itemscope=\"itemscope\" itemtype=\"https:\/\/schema.org\/CreativeWork\" ><div class='avia_textblock'  itemprop=\"text\" ><p> <span id=\"ctl00_MainContentPlaceHolder_TitleLabel\" class=\"AlbumTitle\">ngg_shortcode_0_placeholder<\/span> <\/p>\n<\/div><\/section>\n\n<style type=\"text\/css\" data-created_by=\"avia_inline_auto\" id=\"style-css-av-av_heading-f3742869ec6284974efaa9fa61abace4\">\n#top .av-special-heading.av-av_heading-f3742869ec6284974efaa9fa61abace4{\npadding-bottom:10px;\ncolor:#006a9d;\n}\nbody .av-special-heading.av-av_heading-f3742869ec6284974efaa9fa61abace4 .av-special-heading-tag .heading-char{\nfont-size:25px;\n}\n.av-special-heading.av-av_heading-f3742869ec6284974efaa9fa61abace4 .special-heading-inner-border{\nborder-color:#006a9d;\n}\n.av-special-heading.av-av_heading-f3742869ec6284974efaa9fa61abace4 .av-subheading{\nfont-size:15px;\n}\n<\/style>\n<div  class='av-special-heading av-av_heading-f3742869ec6284974efaa9fa61abace4 av-special-heading-h3 custom-color-heading  avia-builder-el-4  el_after_av_textblock  el_before_av_textblock '><h3 class='av-special-heading-tag '  itemprop=\"headline\"  >Videoaufnahmen von den Camps<\/h3><div class=\"special-heading-border\"><div class=\"special-heading-inner-border\"><\/div><\/div><\/div>\n<section  class='av_textblock_section av-av_textblock-0366cc7376be6c9e82a3e9cc8987b64f '   itemscope=\"itemscope\" itemtype=\"https:\/\/schema.org\/CreativeWork\" ><div class='avia_textblock'  itemprop=\"text\" ><div class=\"epyt-gallery \" data-currpage=\"1\" id=\"epyt_gallery_68298\"><div class=\"epyt-video-wrapper\"><div  data-ep-a=\"fadeIn\"  id=\"_ytid_45246\"  width=\"600\" height=\"400\"  data-origwidth=\"600\" data-origheight=\"400\"  data-relstop=\"1\" data-facadesrc=\"https:\/\/www.youtube.com\/embed\/Tg-YChmwzb0?enablejsapi=1&theme=light&autoplay=0&cc_load_policy=0&cc_lang_pref=&iv_load_policy=3&loop=0&rel=0&fs=1&playsinline=0&autohide=2&color=red&controls=1&disablekb=0&index=0&\" class=\"__youtube_prefs__ epyt-facade  no-lazyload\" data-epytgalleryid=\"epyt_gallery_68298\" ><img decoding=\"async\" data-spai-excluded=\"true\" class=\"epyt-facade-poster skip-lazy\" loading=\"lazy\"  alt=\"poletni-tabor-2016-solcava\"  src=\"https:\/\/i.ytimg.com\/vi\/Tg-YChmwzb0\/maxresdefault.jpg\"  \/><button class=\"epyt-facade-play\" aria-label=\"Play\"><svg data-no-lazy=\"1\" height=\"100%\" version=\"1.1\" viewBox=\"0 0 68 48\" width=\"100%\"><path class=\"ytp-large-play-button-bg\" d=\"M66.52,7.74c-0.78-2.93-2.49-5.41-5.42-6.19C55.79,.13,34,0,34,0S12.21,.13,6.9,1.55 C3.97,2.33,2.27,4.81,1.48,7.74C0.06,13.05,0,24,0,24s0.06,10.95,1.48,16.26c0.78,2.93,2.49,5.41,5.42,6.19 C12.21,47.87,34,48,34,48s21.79-0.13,27.1-1.55c2.93-0.78,4.64-3.26,5.42-6.19C67.94,34.95,68,24,68,24S67.94,13.05,66.52,7.74z\" fill=\"#f00\"><\/path><path d=\"M 45,24 27,14 27,34\" fill=\"#fff\"><\/path><\/svg><\/button><\/div><\/div><span itemprop=\"video\" itemscope itemtype=\"http:\/\/schema.org\/VideoObject\"><meta itemprop=\"embedUrl\" content=\"https:\/\/www.youtube.com\/embed\/Tg-YChmwzb0\"><meta itemprop=\"name\" content=\"Itsy Bitsy Spider\/ItsyWincy Spider song\"><meta itemprop=\"description\" content=\"Ob delavnici izdelovanja pajkov smo se nau\u010dili pesem Itsy Bitsy Spider. Ker nam je zagodla prazna baterija, se petje na video posnetku nenadoma kon\u010da, so si pa pevci na koncu prislu\u017eili velik aplavz.\"><meta itemprop=\"thumbnailUrl\" content=\"https:\/\/i.ytimg.com\/vi\/Tg-YChmwzb0\/0.jpg\"><meta itemprop=\"duration\" content=\"PT41S\"><meta itemprop=\"uploadDate\" content=\"2016-07-06T20:00:28Z\"><\/span><div class=\"epyt-gallery-list epyt-gallery-style-grid\"><div class=\"epyt-pagination \"><div tabindex=\"0\" role=\"button\" class=\"epyt-pagebutton epyt-prev  hide \" data-playlistid=\"PLdicrXoDkMlrXjNk7aQZG6UKQTly4J7Mk\" data-pagesize=\"15\" data-pagetoken=\"\" data-style=\"grid\" data-epcolumns=\"5\" data-showtitle=\"1\" data-showpaging=\"1\" data-autonext=\"0\" data-hidethumbimg=\"0\" data-thumbplay=\"1\"><div class=\"epyt-arrow\">&laquo;<\/div> <div>Prev<\/div><\/div><div class=\"epyt-pagenumbers hide\"><div class=\"epyt-current\">1<\/div><div class=\"epyt-pageseparator\"> \/ <\/div><div class=\"epyt-totalpages\">1<\/div><\/div><div tabindex=\"0\" role=\"button\" class=\"epyt-pagebutton epyt-next hide \" data-playlistid=\"PLdicrXoDkMlrXjNk7aQZG6UKQTly4J7Mk\" data-pagesize=\"15\" data-pagetoken=\"\" data-style=\"grid\" data-epcolumns=\"5\" data-showtitle=\"1\" data-showpaging=\"1\" data-autonext=\"0\" data-hidethumbimg=\"0\" data-thumbplay=\"1\"><div>Next<\/div> <div class=\"epyt-arrow\">&raquo;<\/div><\/div><div class=\"epyt-loader\"><img loading=\"lazy\" decoding=\"async\" alt=\"loading\" width=\"16\" height=\"11\" src=\"https:\/\/www.poletni-tabori.si\/wp-content\/plugins\/youtube-embed-plus-pro\/images\/gallery-page-loader.gif\"><\/div><\/div><div class=\"epyt-gallery-allthumbs  epyt-cols-5 \"><div tabindex=\"0\" role=\"button\" data-videoid=\"Tg-YChmwzb0\" class=\"epyt-gallery-thumb \" ><div class=\"epyt-gallery-img-box\"><div class=\"epyt-gallery-img\" style=\"background-image: url(https:\/\/i.ytimg.com\/vi\/Tg-YChmwzb0\/hqdefault.jpg)\"><div class=\"epyt-gallery-playhover\"><img loading=\"lazy\" decoding=\"async\" alt=\"play\" class=\"epyt-play-img\" width=\"30\" height=\"23\" src=\"https:\/\/www.poletni-tabori.si\/wp-content\/plugins\/youtube-embed-plus-pro\/images\/playhover.png\" data-no-lazy=\"1\" data-skipgform_ajax_framebjll=\"\" \/><div class=\"epyt-gallery-playcrutch\"><\/div><\/div><\/div><\/div><div class=\"epyt-gallery-title\">Itsy Bitsy Spider\/ItsyWincy Spider song<\/div><\/div><div tabindex=\"0\" role=\"button\" data-videoid=\"--qLI730lbw\" class=\"epyt-gallery-thumb \" ><div class=\"epyt-gallery-img-box\"><div class=\"epyt-gallery-img\" style=\"background-image: url(https:\/\/i.ytimg.com\/vi\/--qLI730lbw\/hqdefault.jpg)\"><div class=\"epyt-gallery-playhover\"><img loading=\"lazy\" decoding=\"async\" alt=\"play\" class=\"epyt-play-img\" width=\"30\" height=\"23\" src=\"https:\/\/www.poletni-tabori.si\/wp-content\/plugins\/youtube-embed-plus-pro\/images\/playhover.png\" data-no-lazy=\"1\" data-skipgform_ajax_framebjll=\"\" \/><div class=\"epyt-gallery-playcrutch\"><\/div><\/div><\/div><\/div><div class=\"epyt-gallery-title\">Making pizza dough<\/div><\/div><div tabindex=\"0\" role=\"button\" data-videoid=\"SAkDmaO7mGQ\" class=\"epyt-gallery-thumb \" ><div class=\"epyt-gallery-img-box\"><div class=\"epyt-gallery-img\" style=\"background-image: url(https:\/\/i.ytimg.com\/vi\/SAkDmaO7mGQ\/hqdefault.jpg)\"><div class=\"epyt-gallery-playhover\"><img loading=\"lazy\" decoding=\"async\" alt=\"play\" class=\"epyt-play-img\" width=\"30\" height=\"23\" src=\"https:\/\/www.poletni-tabori.si\/wp-content\/plugins\/youtube-embed-plus-pro\/images\/playhover.png\" data-no-lazy=\"1\" data-skipgform_ajax_framebjll=\"\" \/><div class=\"epyt-gallery-playcrutch\"><\/div><\/div><\/div><\/div><div class=\"epyt-gallery-title\">Jutranja telovadba\/Morning exercise<\/div><\/div><div tabindex=\"0\" role=\"button\" data-videoid=\"0na5ihq4dVc\" class=\"epyt-gallery-thumb \" ><div class=\"epyt-gallery-img-box\"><div class=\"epyt-gallery-img\" style=\"background-image: url(https:\/\/i.ytimg.com\/vi\/0na5ihq4dVc\/hqdefault.jpg)\"><div class=\"epyt-gallery-playhover\"><img loading=\"lazy\" decoding=\"async\" alt=\"play\" class=\"epyt-play-img\" width=\"30\" height=\"23\" src=\"https:\/\/www.poletni-tabori.si\/wp-content\/plugins\/youtube-embed-plus-pro\/images\/playhover.png\" data-no-lazy=\"1\" data-skipgform_ajax_framebjll=\"\" \/><div class=\"epyt-gallery-playcrutch\"><\/div><\/div><\/div><\/div><div class=\"epyt-gallery-title\">Marko ska\u010de<\/div><\/div><div tabindex=\"0\" role=\"button\" data-videoid=\"NrhCae-GqZU\" class=\"epyt-gallery-thumb \" ><div class=\"epyt-gallery-img-box\"><div class=\"epyt-gallery-img\" style=\"background-image: url(https:\/\/i.ytimg.com\/vi\/NrhCae-GqZU\/hqdefault.jpg)\"><div class=\"epyt-gallery-playhover\"><img loading=\"lazy\" decoding=\"async\" alt=\"play\" class=\"epyt-play-img\" width=\"30\" height=\"23\" src=\"https:\/\/www.poletni-tabori.si\/wp-content\/plugins\/youtube-embed-plus-pro\/images\/playhover.png\" data-no-lazy=\"1\" data-skipgform_ajax_framebjll=\"\" \/><div class=\"epyt-gallery-playcrutch\"><\/div><\/div><\/div><\/div><div class=\"epyt-gallery-title\">Who took the cookie?\/Kdo je vzel pi\u0161kot?<\/div><\/div><div class=\"epyt-gallery-rowbreak\"><\/div><div class=\"epyt-gallery-clear\"><\/div><\/div><div class=\"epyt-pagination \"><div tabindex=\"0\" role=\"button\" class=\"epyt-pagebutton epyt-prev  hide \" data-playlistid=\"PLdicrXoDkMlrXjNk7aQZG6UKQTly4J7Mk\" data-pagesize=\"15\" data-pagetoken=\"\" data-style=\"grid\" data-epcolumns=\"5\" data-showtitle=\"1\" data-showpaging=\"1\" data-autonext=\"0\" data-hidethumbimg=\"0\" data-thumbplay=\"1\"><div class=\"epyt-arrow\">&laquo;<\/div> <div>Prev<\/div><\/div><div class=\"epyt-pagenumbers hide\"><div class=\"epyt-current\">1<\/div><div class=\"epyt-pageseparator\"> \/ <\/div><div class=\"epyt-totalpages\">1<\/div><\/div><div tabindex=\"0\" role=\"button\" class=\"epyt-pagebutton epyt-next hide \" data-playlistid=\"PLdicrXoDkMlrXjNk7aQZG6UKQTly4J7Mk\" data-pagesize=\"15\" data-pagetoken=\"\" data-style=\"grid\" data-epcolumns=\"5\" data-showtitle=\"1\" data-showpaging=\"1\" data-autonext=\"0\" data-hidethumbimg=\"0\" data-thumbplay=\"1\"><div>Next<\/div> <div class=\"epyt-arrow\">&raquo;<\/div><\/div><div class=\"epyt-loader\"><img loading=\"lazy\" decoding=\"async\" alt=\"loading\" width=\"16\" height=\"11\" src=\"https:\/\/www.poletni-tabori.si\/wp-content\/plugins\/youtube-embed-plus-pro\/images\/gallery-page-loader.gif\"><\/div><\/div><\/div><\/div>\n<\/div><\/section>\n","protected":false},"excerpt":{"rendered":"","protected":false},"author":5,"featured_media":16630,"parent":11128,"menu_order":0,"comment_status":"closed","ping_status":"closed","template":"","meta":{"_analytify_skip_tracking":false,"ngg_post_thumbnail":0,"footnotes":""},"class_list":["post-16715","page","type-page","status-publish","has-post-thumbnail","hentry"],"amp_enabled":true,"_links":{"self":[{"href":"https:\/\/www.poletni-tabori.si\/de\/wp-json\/wp\/v2\/pages\/16715","targetHints":{"allow":["GET"]}}],"collection":[{"href":"https:\/\/www.poletni-tabori.si\/de\/wp-json\/wp\/v2\/pages"}],"about":[{"href":"https:\/\/www.poletni-tabori.si\/de\/wp-json\/wp\/v2\/types\/page"}],"author":[{"embeddable":true,"href":"https:\/\/www.poletni-tabori.si\/de\/wp-json\/wp\/v2\/users\/5"}],"replies":[{"embeddable":true,"href":"https:\/\/www.poletni-tabori.si\/de\/wp-json\/wp\/v2\/comments?post=16715"}],"version-history":[{"count":0,"href":"https:\/\/www.poletni-tabori.si\/de\/wp-json\/wp\/v2\/pages\/16715\/revisions"}],"up":[{"embeddable":true,"href":"https:\/\/www.poletni-tabori.si\/de\/wp-json\/wp\/v2\/pages\/11128"}],"wp:featuredmedia":[{"embeddable":true,"href":"https:\/\/www.poletni-tabori.si\/de\/wp-json\/wp\/v2\/media\/16630"}],"wp:attachment":[{"href":"https:\/\/www.poletni-tabori.si\/de\/wp-json\/wp\/v2\/media?parent=16715"}],"curies":[{"name":"wp","href":"https:\/\/api.w.org\/{rel}","templated":true}]}}