{"id":19719,"date":"2017-08-06T14:58:53","date_gmt":"2017-08-06T12:58:53","guid":{"rendered":"http:\/\/www.poletni-tabori.si\/foto-video\/v-kozjanskem-raju-z-guzajem-prevorje-6-8-12-8-2017\/"},"modified":"2017-08-06T20:05:54","modified_gmt":"2017-08-06T18:05:54","slug":"v-kozjanskem-raju-z-guzajem-prevorje-6-8-12-8-2017","status":"publish","type":"page","link":"https:\/\/www.poletni-tabori.si\/de\/foto-video\/v-kozjanskem-raju-z-guzajem-prevorje-6-8-12-8-2017\/","title":{"rendered":"Im Paradies Kozjanski Raj mit Guzaj, Prevorje, 6.8.-12.8.2017"},"content":{"rendered":"<div id='layer_slider_1'  class='avia-layerslider main_color avia-shadow  avia-builder-el-0  el_before_av_heading  avia-builder-el-first  container_wrap sidebar_right'  style='height: 251px; max-width: 1130px; margin: 0 auto;'  ><\/div><div id='after_layer_slider_1'  class='main_color av_default_container_wrap container_wrap sidebar_right'  ><div class='container av-section-cont-open' ><div class='template-page content  av-content-small alpha units'><div class='post-entry post-entry-type-page post-entry-19719'><div class='entry-content-wrapper clearfix'>\n\n<style type=\"text\/css\" data-created_by=\"avia_inline_auto\" id=\"style-css-av-av_heading-f1ff2b5ab7ec15f873d138c42498f42e\">\n#top .av-special-heading.av-av_heading-f1ff2b5ab7ec15f873d138c42498f42e{\npadding-bottom:10px;\ncolor:#006a9d;\n}\nbody .av-special-heading.av-av_heading-f1ff2b5ab7ec15f873d138c42498f42e .av-special-heading-tag .heading-char{\nfont-size:25px;\n}\n.av-special-heading.av-av_heading-f1ff2b5ab7ec15f873d138c42498f42e .special-heading-inner-border{\nborder-color:#006a9d;\n}\n.av-special-heading.av-av_heading-f1ff2b5ab7ec15f873d138c42498f42e .av-subheading{\nfont-size:15px;\n}\n<\/style>\n<div  class='av-special-heading av-av_heading-f1ff2b5ab7ec15f873d138c42498f42e av-special-heading-h3 custom-color-heading  avia-builder-el-1  el_after_av_layerslider  el_before_av_heading  avia-builder-el-first '><h3 class='av-special-heading-tag '  itemprop=\"headline\"  >Im Paradies Kozjanski Raj mit Guzaj Prevorje, 6.8.-12.8.2017<\/h3><div class=\"special-heading-border\"><div class=\"special-heading-inner-border\"><\/div><\/div><\/div>\n\n<style type=\"text\/css\" data-created_by=\"avia_inline_auto\" id=\"style-css-av-av_heading-2a9c6ad7d684d3efb699ee3fddeadf44\">\n#top .av-special-heading.av-av_heading-2a9c6ad7d684d3efb699ee3fddeadf44{\npadding-bottom:10px;\ncolor:#006a9d;\n}\nbody .av-special-heading.av-av_heading-2a9c6ad7d684d3efb699ee3fddeadf44 .av-special-heading-tag .heading-char{\nfont-size:25px;\n}\n.av-special-heading.av-av_heading-2a9c6ad7d684d3efb699ee3fddeadf44 .special-heading-inner-border{\nborder-color:#006a9d;\n}\n.av-special-heading.av-av_heading-2a9c6ad7d684d3efb699ee3fddeadf44 .av-subheading{\nfont-size:15px;\n}\n<\/style>\n<div  class='av-special-heading av-av_heading-2a9c6ad7d684d3efb699ee3fddeadf44 av-special-heading-h3 custom-color-heading  avia-builder-el-2  el_after_av_heading  el_before_av_textblock '><h3 class='av-special-heading-tag '  itemprop=\"headline\"  >Fotos von den Camps<\/h3><div class=\"special-heading-border\"><div class=\"special-heading-inner-border\"><\/div><\/div><\/div>\n<section  class='av_textblock_section av-av_textblock-0366cc7376be6c9e82a3e9cc8987b64f '   itemscope=\"itemscope\" itemtype=\"https:\/\/schema.org\/CreativeWork\" ><div class='avia_textblock'  itemprop=\"text\" >ngg_shortcode_0_placeholder\n<\/div><\/section>\n\n<style type=\"text\/css\" data-created_by=\"avia_inline_auto\" id=\"style-css-av-av_heading-f3742869ec6284974efaa9fa61abace4\">\n#top .av-special-heading.av-av_heading-f3742869ec6284974efaa9fa61abace4{\npadding-bottom:10px;\ncolor:#006a9d;\n}\nbody .av-special-heading.av-av_heading-f3742869ec6284974efaa9fa61abace4 .av-special-heading-tag .heading-char{\nfont-size:25px;\n}\n.av-special-heading.av-av_heading-f3742869ec6284974efaa9fa61abace4 .special-heading-inner-border{\nborder-color:#006a9d;\n}\n.av-special-heading.av-av_heading-f3742869ec6284974efaa9fa61abace4 .av-subheading{\nfont-size:15px;\n}\n<\/style>\n<div  class='av-special-heading av-av_heading-f3742869ec6284974efaa9fa61abace4 av-special-heading-h3 custom-color-heading  avia-builder-el-4  el_after_av_textblock  el_before_av_textblock '><h3 class='av-special-heading-tag '  itemprop=\"headline\"  >Videoaufnahmen von den Camps<\/h3><div class=\"special-heading-border\"><div class=\"special-heading-inner-border\"><\/div><\/div><\/div>\n<section  class='av_textblock_section av-av_textblock-0366cc7376be6c9e82a3e9cc8987b64f '   itemscope=\"itemscope\" itemtype=\"https:\/\/schema.org\/CreativeWork\" ><div class='avia_textblock'  itemprop=\"text\" ><div class=\"epyt-gallery \" data-currpage=\"1\" id=\"epyt_gallery_86238\"><div class=\"epyt-video-wrapper\"><div  data-ep-a=\"fadeIn\"  id=\"_ytid_47626\"  width=\"600\" height=\"338\"  data-origwidth=\"600\" data-origheight=\"338\"  data-relstop=\"1\" data-facadesrc=\"https:\/\/www.youtube.com\/embed\/71mGyqlWbjI?enablejsapi=1&autoplay=0&cc_load_policy=0&cc_lang_pref=&iv_load_policy=3&loop=0&rel=0&fs=1&playsinline=0&autohide=2&theme=dark&color=red&controls=1&disablekb=0&index=0&\" class=\"__youtube_prefs__ epyt-facade  no-lazyload\" data-epytgalleryid=\"epyt_gallery_86238\" ><img decoding=\"async\" data-spai-excluded=\"true\" class=\"epyt-facade-poster skip-lazy\" loading=\"lazy\"  alt=\"Kako smo se zabavali v Kozjanskem raju z Guzajem na Prevorju\"  src=\"https:\/\/i.ytimg.com\/vi\/71mGyqlWbjI\/maxresdefault.jpg\"  \/><button class=\"epyt-facade-play\" aria-label=\"Play\"><svg data-no-lazy=\"1\" height=\"100%\" version=\"1.1\" viewBox=\"0 0 68 48\" width=\"100%\"><path class=\"ytp-large-play-button-bg\" d=\"M66.52,7.74c-0.78-2.93-2.49-5.41-5.42-6.19C55.79,.13,34,0,34,0S12.21,.13,6.9,1.55 C3.97,2.33,2.27,4.81,1.48,7.74C0.06,13.05,0,24,0,24s0.06,10.95,1.48,16.26c0.78,2.93,2.49,5.41,5.42,6.19 C12.21,47.87,34,48,34,48s21.79-0.13,27.1-1.55c2.93-0.78,4.64-3.26,5.42-6.19C67.94,34.95,68,24,68,24S67.94,13.05,66.52,7.74z\" fill=\"#f00\"><\/path><path d=\"M 45,24 27,14 27,34\" fill=\"#fff\"><\/path><\/svg><\/button><\/div><\/div><span itemprop=\"video\" itemscope itemtype=\"http:\/\/schema.org\/VideoObject\"><meta itemprop=\"embedUrl\" content=\"https:\/\/www.youtube.com\/embed\/xKYDZ2Wub2A\"><meta itemprop=\"name\" content=\"Kako smo se zabavali v Kozjanskem raju z Guzajem na Prevorju\"><meta itemprop=\"description\" content=\"V Kozjanskem raju z Guzajem \u2013 Prevorje \u2013 17.7.-23.7.2016 Program: Mednarodni jezikovni tabor za otroke z u\u010denjem angle\u0161kega jezika in s \u0161tevilnimi ustvarjalnimi delavnicami in \u0161portnimi aktivnostmi, s spoznavanjem \u017eivljenja na kmetiji ter s sre\u010danjem z legendarnim razbojnikom Guzajem. Tabor poteka ve\u010djezi\u010dno s poudarkom na zgodnjem u\u010denju angle\u0161\u010dine in nem\u0161\u010dine, tuji otroci se lahko u\u010dijo tudi sloven\u0161\u010dino. Ve\u010d informacij na http:\/\/www.poletni-tabori.si\/\"><meta itemprop=\"thumbnailUrl\" content=\"https:\/\/i.ytimg.com\/vi\/xKYDZ2Wub2A\/0.jpg\"><meta itemprop=\"duration\" content=\"PT4M36S\"><meta itemprop=\"uploadDate\" content=\"2016-08-07T12:43:36Z\"><\/span><div class=\"epyt-gallery-list epyt-gallery-style-grid\"><div class=\"epyt-pagination \"><div tabindex=\"0\" role=\"button\" class=\"epyt-pagebutton epyt-prev  hide \" data-playlistid=\"PLdicrXoDkMlr_CJBM0gExdeGsvW1AaVzn\" data-pagesize=\"15\" data-pagetoken=\"\" data-style=\"grid\" data-epcolumns=\"3\" data-showtitle=\"1\" data-showpaging=\"1\" data-autonext=\"0\" data-hidethumbimg=\"0\" data-thumbplay=\"1\"><div class=\"epyt-arrow\">&laquo;<\/div> <div>Prev<\/div><\/div><div class=\"epyt-pagenumbers \"><div class=\"epyt-current\">1<\/div><div class=\"epyt-pageseparator\"> \/ <\/div><div class=\"epyt-totalpages\">2<\/div><\/div><div tabindex=\"0\" role=\"button\" class=\"epyt-pagebutton epyt-next\" data-playlistid=\"PLdicrXoDkMlr_CJBM0gExdeGsvW1AaVzn\" data-pagesize=\"15\" data-pagetoken=\"EAAaHlBUOkNBOGlFREV5UlVaQ00wSXhRelUzUkVVMFJURQ\" data-style=\"grid\" data-epcolumns=\"3\" data-showtitle=\"1\" data-showpaging=\"1\" data-autonext=\"0\" data-hidethumbimg=\"0\" data-thumbplay=\"1\"><div>Next<\/div> <div class=\"epyt-arrow\">&raquo;<\/div><\/div><div class=\"epyt-loader\"><img loading=\"lazy\" decoding=\"async\" alt=\"loading\" width=\"16\" height=\"11\" src=\"https:\/\/www.poletni-tabori.si\/wp-content\/plugins\/youtube-embed-plus-pro\/images\/gallery-page-loader.gif\"><\/div><\/div><div class=\"epyt-gallery-allthumbs  epyt-cols-3 \"><div tabindex=\"0\" role=\"button\" data-videoid=\"71mGyqlWbjI\" class=\"epyt-gallery-thumb \" ><div class=\"epyt-gallery-img-box\"><div class=\"epyt-gallery-img\" style=\"background-image: url(https:\/\/i.ytimg.com\/vi\/71mGyqlWbjI\/hqdefault.jpg)\"><div class=\"epyt-gallery-playhover\"><img loading=\"lazy\" decoding=\"async\" alt=\"play\" class=\"epyt-play-img\" width=\"30\" height=\"23\" src=\"https:\/\/www.poletni-tabori.si\/wp-content\/plugins\/youtube-embed-plus-pro\/images\/playhover.png\" data-no-lazy=\"1\" data-skipgform_ajax_framebjll=\"\" \/><div class=\"epyt-gallery-playcrutch\"><\/div><\/div><\/div><\/div><div class=\"epyt-gallery-title\">V Kozjanskem raju z Guzajem, Prevorje, 2017<\/div><\/div><div tabindex=\"0\" role=\"button\" data-videoid=\"zpHWrEC2f2o\" class=\"epyt-gallery-thumb \" ><div class=\"epyt-gallery-img-box\"><div class=\"epyt-gallery-img\" style=\"background-image: url(https:\/\/i.ytimg.com\/vi\/zpHWrEC2f2o\/hqdefault.jpg)\"><div class=\"epyt-gallery-playhover\"><img loading=\"lazy\" decoding=\"async\" alt=\"play\" class=\"epyt-play-img\" width=\"30\" height=\"23\" src=\"https:\/\/www.poletni-tabori.si\/wp-content\/plugins\/youtube-embed-plus-pro\/images\/playhover.png\" data-no-lazy=\"1\" data-skipgform_ajax_framebjll=\"\" \/><div class=\"epyt-gallery-playcrutch\"><\/div><\/div><\/div><\/div><div class=\"epyt-gallery-title\">Final show   Head and shoulders<\/div><\/div><div tabindex=\"0\" role=\"button\" data-videoid=\"fHL3_q22ocw\" class=\"epyt-gallery-thumb \" ><div class=\"epyt-gallery-img-box\"><div class=\"epyt-gallery-img\" style=\"background-image: url(https:\/\/i.ytimg.com\/vi\/fHL3_q22ocw\/hqdefault.jpg)\"><div class=\"epyt-gallery-playhover\"><img loading=\"lazy\" decoding=\"async\" alt=\"play\" class=\"epyt-play-img\" width=\"30\" height=\"23\" src=\"https:\/\/www.poletni-tabori.si\/wp-content\/plugins\/youtube-embed-plus-pro\/images\/playhover.png\" data-no-lazy=\"1\" data-skipgform_ajax_framebjll=\"\" \/><div class=\"epyt-gallery-playcrutch\"><\/div><\/div><\/div><\/div><div class=\"epyt-gallery-title\">Final show   Colours<\/div><\/div><div class=\"epyt-gallery-rowbreak\"><\/div><div tabindex=\"0\" role=\"button\" data-videoid=\"jr7LOXG5NHI\" class=\"epyt-gallery-thumb \" ><div class=\"epyt-gallery-img-box\"><div class=\"epyt-gallery-img\" style=\"background-image: url(https:\/\/i.ytimg.com\/vi\/jr7LOXG5NHI\/hqdefault.jpg)\"><div class=\"epyt-gallery-playhover\"><img loading=\"lazy\" decoding=\"async\" alt=\"play\" class=\"epyt-play-img\" width=\"30\" height=\"23\" src=\"https:\/\/www.poletni-tabori.si\/wp-content\/plugins\/youtube-embed-plus-pro\/images\/playhover.png\" data-no-lazy=\"1\" data-skipgform_ajax_framebjll=\"\" \/><div class=\"epyt-gallery-playcrutch\"><\/div><\/div><\/div><\/div><div class=\"epyt-gallery-title\">Song about Guzaj<\/div><\/div><div tabindex=\"0\" role=\"button\" data-videoid=\"4vYMpWyKzKk\" class=\"epyt-gallery-thumb \" ><div class=\"epyt-gallery-img-box\"><div class=\"epyt-gallery-img\" style=\"background-image: url(https:\/\/i.ytimg.com\/vi\/4vYMpWyKzKk\/hqdefault.jpg)\"><div class=\"epyt-gallery-playhover\"><img loading=\"lazy\" decoding=\"async\" alt=\"play\" class=\"epyt-play-img\" width=\"30\" height=\"23\" src=\"https:\/\/www.poletni-tabori.si\/wp-content\/plugins\/youtube-embed-plus-pro\/images\/playhover.png\" data-no-lazy=\"1\" data-skipgform_ajax_framebjll=\"\" \/><div class=\"epyt-gallery-playcrutch\"><\/div><\/div><\/div><\/div><div class=\"epyt-gallery-title\">The winner of the talent show in Kozjansko.<\/div><\/div><div tabindex=\"0\" role=\"button\" data-videoid=\"EttcRlJNDcE\" class=\"epyt-gallery-thumb \" ><div class=\"epyt-gallery-img-box\"><div class=\"epyt-gallery-img\" style=\"background-image: url(https:\/\/i.ytimg.com\/vi\/EttcRlJNDcE\/hqdefault.jpg)\"><div class=\"epyt-gallery-playhover\"><img loading=\"lazy\" decoding=\"async\" alt=\"play\" class=\"epyt-play-img\" width=\"30\" height=\"23\" src=\"https:\/\/www.poletni-tabori.si\/wp-content\/plugins\/youtube-embed-plus-pro\/images\/playhover.png\" data-no-lazy=\"1\" data-skipgform_ajax_framebjll=\"\" \/><div class=\"epyt-gallery-playcrutch\"><\/div><\/div><\/div><\/div><div class=\"epyt-gallery-title\">Let the games begin!<\/div><\/div><div class=\"epyt-gallery-rowbreak\"><\/div><div tabindex=\"0\" role=\"button\" data-videoid=\"6smw45i-YxM\" class=\"epyt-gallery-thumb \" ><div class=\"epyt-gallery-img-box\"><div class=\"epyt-gallery-img\" style=\"background-image: url(https:\/\/i.ytimg.com\/vi\/6smw45i-YxM\/hqdefault.jpg)\"><div class=\"epyt-gallery-playhover\"><img loading=\"lazy\" decoding=\"async\" alt=\"play\" class=\"epyt-play-img\" width=\"30\" height=\"23\" src=\"https:\/\/www.poletni-tabori.si\/wp-content\/plugins\/youtube-embed-plus-pro\/images\/playhover.png\" data-no-lazy=\"1\" data-skipgform_ajax_framebjll=\"\" \/><div class=\"epyt-gallery-playcrutch\"><\/div><\/div><\/div><\/div><div class=\"epyt-gallery-title\">Hay barn<\/div><\/div><div tabindex=\"0\" role=\"button\" data-videoid=\"XIZUmP0heCw\" class=\"epyt-gallery-thumb \" ><div class=\"epyt-gallery-img-box\"><div class=\"epyt-gallery-img\" style=\"background-image: url(https:\/\/i.ytimg.com\/vi\/XIZUmP0heCw\/hqdefault.jpg)\"><div class=\"epyt-gallery-playhover\"><img loading=\"lazy\" decoding=\"async\" alt=\"play\" class=\"epyt-play-img\" width=\"30\" height=\"23\" src=\"https:\/\/www.poletni-tabori.si\/wp-content\/plugins\/youtube-embed-plus-pro\/images\/playhover.png\" data-no-lazy=\"1\" data-skipgform_ajax_framebjll=\"\" \/><div class=\"epyt-gallery-playcrutch\"><\/div><\/div><\/div><\/div><div class=\"epyt-gallery-title\">Water games.<\/div><\/div><div tabindex=\"0\" role=\"button\" data-videoid=\"Ycp5T5zaFu8\" class=\"epyt-gallery-thumb \" ><div class=\"epyt-gallery-img-box\"><div class=\"epyt-gallery-img\" style=\"background-image: url(https:\/\/i.ytimg.com\/vi\/Ycp5T5zaFu8\/hqdefault.jpg)\"><div class=\"epyt-gallery-playhover\"><img loading=\"lazy\" decoding=\"async\" alt=\"play\" class=\"epyt-play-img\" width=\"30\" height=\"23\" src=\"https:\/\/www.poletni-tabori.si\/wp-content\/plugins\/youtube-embed-plus-pro\/images\/playhover.png\" data-no-lazy=\"1\" data-skipgform_ajax_framebjll=\"\" \/><div class=\"epyt-gallery-playcrutch\"><\/div><\/div><\/div><\/div><div class=\"epyt-gallery-title\">Water balloon wars!<\/div><\/div><div class=\"epyt-gallery-rowbreak\"><\/div><div tabindex=\"0\" role=\"button\" data-videoid=\"qysPm-jB9VI\" class=\"epyt-gallery-thumb \" ><div class=\"epyt-gallery-img-box\"><div class=\"epyt-gallery-img\" style=\"background-image: url(https:\/\/i.ytimg.com\/vi\/qysPm-jB9VI\/hqdefault.jpg)\"><div class=\"epyt-gallery-playhover\"><img loading=\"lazy\" decoding=\"async\" alt=\"play\" class=\"epyt-play-img\" width=\"30\" height=\"23\" src=\"https:\/\/www.poletni-tabori.si\/wp-content\/plugins\/youtube-embed-plus-pro\/images\/playhover.png\" data-no-lazy=\"1\" data-skipgform_ajax_framebjll=\"\" \/><div class=\"epyt-gallery-playcrutch\"><\/div><\/div><\/div><\/div><div class=\"epyt-gallery-title\">Flash cards<\/div><\/div><div tabindex=\"0\" role=\"button\" data-videoid=\"wg1sGKWhZEU\" class=\"epyt-gallery-thumb \" ><div class=\"epyt-gallery-img-box\"><div class=\"epyt-gallery-img\" style=\"background-image: url(https:\/\/i.ytimg.com\/vi\/wg1sGKWhZEU\/hqdefault.jpg)\"><div class=\"epyt-gallery-playhover\"><img loading=\"lazy\" decoding=\"async\" alt=\"play\" class=\"epyt-play-img\" width=\"30\" height=\"23\" src=\"https:\/\/www.poletni-tabori.si\/wp-content\/plugins\/youtube-embed-plus-pro\/images\/playhover.png\" data-no-lazy=\"1\" data-skipgform_ajax_framebjll=\"\" \/><div class=\"epyt-gallery-playcrutch\"><\/div><\/div><\/div><\/div><div class=\"epyt-gallery-title\">Smithery<\/div><\/div><div tabindex=\"0\" role=\"button\" data-videoid=\"_cqty6IQnzg\" class=\"epyt-gallery-thumb \" ><div class=\"epyt-gallery-img-box\"><div class=\"epyt-gallery-img\" style=\"background-image: url(https:\/\/i.ytimg.com\/vi\/_cqty6IQnzg\/hqdefault.jpg)\"><div class=\"epyt-gallery-playhover\"><img loading=\"lazy\" decoding=\"async\" alt=\"play\" class=\"epyt-play-img\" width=\"30\" height=\"23\" src=\"https:\/\/www.poletni-tabori.si\/wp-content\/plugins\/youtube-embed-plus-pro\/images\/playhover.png\" data-no-lazy=\"1\" data-skipgform_ajax_framebjll=\"\" \/><div class=\"epyt-gallery-playcrutch\"><\/div><\/div><\/div><\/div><div class=\"epyt-gallery-title\">Slovene one-on-one<\/div><\/div><div class=\"epyt-gallery-rowbreak\"><\/div><div tabindex=\"0\" role=\"button\" data-videoid=\"gcNtAQAOKx8\" class=\"epyt-gallery-thumb \" ><div class=\"epyt-gallery-img-box\"><div class=\"epyt-gallery-img\" style=\"background-image: url(https:\/\/i.ytimg.com\/vi\/gcNtAQAOKx8\/hqdefault.jpg)\"><div class=\"epyt-gallery-playhover\"><img loading=\"lazy\" decoding=\"async\" alt=\"play\" class=\"epyt-play-img\" width=\"30\" height=\"23\" src=\"https:\/\/www.poletni-tabori.si\/wp-content\/plugins\/youtube-embed-plus-pro\/images\/playhover.png\" data-no-lazy=\"1\" data-skipgform_ajax_framebjll=\"\" \/><div class=\"epyt-gallery-playcrutch\"><\/div><\/div><\/div><\/div><div class=\"epyt-gallery-title\">Going home.<\/div><\/div><div tabindex=\"0\" role=\"button\" data-videoid=\"NjLKYEMAGdA\" class=\"epyt-gallery-thumb \" ><div class=\"epyt-gallery-img-box\"><div class=\"epyt-gallery-img\" style=\"background-image: url(https:\/\/i.ytimg.com\/vi\/NjLKYEMAGdA\/hqdefault.jpg)\"><div class=\"epyt-gallery-playhover\"><img loading=\"lazy\" decoding=\"async\" alt=\"play\" class=\"epyt-play-img\" width=\"30\" height=\"23\" src=\"https:\/\/www.poletni-tabori.si\/wp-content\/plugins\/youtube-embed-plus-pro\/images\/playhover.png\" data-no-lazy=\"1\" data-skipgform_ajax_framebjll=\"\" \/><div class=\"epyt-gallery-playcrutch\"><\/div><\/div><\/div><\/div><div class=\"epyt-gallery-title\">Milk, milk, yummy, milk.<\/div><\/div><div tabindex=\"0\" role=\"button\" data-videoid=\"d23y_hrCq_U\" class=\"epyt-gallery-thumb \" ><div class=\"epyt-gallery-img-box\"><div class=\"epyt-gallery-img\" style=\"background-image: url(https:\/\/i.ytimg.com\/vi\/d23y_hrCq_U\/hqdefault.jpg)\"><div class=\"epyt-gallery-playhover\"><img loading=\"lazy\" decoding=\"async\" alt=\"play\" class=\"epyt-play-img\" width=\"30\" height=\"23\" src=\"https:\/\/www.poletni-tabori.si\/wp-content\/plugins\/youtube-embed-plus-pro\/images\/playhover.png\" data-no-lazy=\"1\" data-skipgform_ajax_framebjll=\"\" \/><div class=\"epyt-gallery-playcrutch\"><\/div><\/div><\/div><\/div><div class=\"epyt-gallery-title\">Driving on the tractor.<\/div><\/div><div class=\"epyt-gallery-rowbreak\"><\/div><div class=\"epyt-gallery-clear\"><\/div><\/div><div class=\"epyt-pagination \"><div tabindex=\"0\" role=\"button\" class=\"epyt-pagebutton epyt-prev  hide \" data-playlistid=\"PLdicrXoDkMlr_CJBM0gExdeGsvW1AaVzn\" data-pagesize=\"15\" data-pagetoken=\"\" data-style=\"grid\" data-epcolumns=\"3\" data-showtitle=\"1\" data-showpaging=\"1\" data-autonext=\"0\" data-hidethumbimg=\"0\" data-thumbplay=\"1\"><div class=\"epyt-arrow\">&laquo;<\/div> <div>Prev<\/div><\/div><div class=\"epyt-pagenumbers \"><div class=\"epyt-current\">1<\/div><div class=\"epyt-pageseparator\"> \/ <\/div><div class=\"epyt-totalpages\">2<\/div><\/div><div tabindex=\"0\" role=\"button\" class=\"epyt-pagebutton epyt-next\" data-playlistid=\"PLdicrXoDkMlr_CJBM0gExdeGsvW1AaVzn\" data-pagesize=\"15\" data-pagetoken=\"EAAaHlBUOkNBOGlFREV5UlVaQ00wSXhRelUzUkVVMFJURQ\" data-style=\"grid\" data-epcolumns=\"3\" data-showtitle=\"1\" data-showpaging=\"1\" data-autonext=\"0\" data-hidethumbimg=\"0\" data-thumbplay=\"1\"><div>Next<\/div> <div class=\"epyt-arrow\">&raquo;<\/div><\/div><div class=\"epyt-loader\"><img loading=\"lazy\" decoding=\"async\" alt=\"loading\" width=\"16\" height=\"11\" src=\"https:\/\/www.poletni-tabori.si\/wp-content\/plugins\/youtube-embed-plus-pro\/images\/gallery-page-loader.gif\"><\/div><\/div><\/div><\/div>\n<\/div><\/section>\n","protected":false},"excerpt":{"rendered":"","protected":false},"author":5,"featured_media":19720,"parent":11128,"menu_order":0,"comment_status":"closed","ping_status":"closed","template":"","meta":{"_analytify_skip_tracking":false,"ngg_post_thumbnail":0,"footnotes":""},"class_list":["post-19719","page","type-page","status-publish","has-post-thumbnail","hentry"],"amp_enabled":true,"_links":{"self":[{"href":"https:\/\/www.poletni-tabori.si\/de\/wp-json\/wp\/v2\/pages\/19719","targetHints":{"allow":["GET"]}}],"collection":[{"href":"https:\/\/www.poletni-tabori.si\/de\/wp-json\/wp\/v2\/pages"}],"about":[{"href":"https:\/\/www.poletni-tabori.si\/de\/wp-json\/wp\/v2\/types\/page"}],"author":[{"embeddable":true,"href":"https:\/\/www.poletni-tabori.si\/de\/wp-json\/wp\/v2\/users\/5"}],"replies":[{"embeddable":true,"href":"https:\/\/www.poletni-tabori.si\/de\/wp-json\/wp\/v2\/comments?post=19719"}],"version-history":[{"count":3,"href":"https:\/\/www.poletni-tabori.si\/de\/wp-json\/wp\/v2\/pages\/19719\/revisions"}],"predecessor-version":[{"id":19727,"href":"https:\/\/www.poletni-tabori.si\/de\/wp-json\/wp\/v2\/pages\/19719\/revisions\/19727"}],"up":[{"embeddable":true,"href":"https:\/\/www.poletni-tabori.si\/de\/wp-json\/wp\/v2\/pages\/11128"}],"wp:featuredmedia":[{"embeddable":true,"href":"https:\/\/www.poletni-tabori.si\/de\/wp-json\/wp\/v2\/media\/19720"}],"wp:attachment":[{"href":"https:\/\/www.poletni-tabori.si\/de\/wp-json\/wp\/v2\/media?parent=19719"}],"curies":[{"name":"wp","href":"https:\/\/api.w.org\/{rel}","templated":true}]}}