{"id":28402,"date":"2025-07-13T13:12:57","date_gmt":"2025-07-13T11:12:57","guid":{"rendered":"https:\/\/www.poletni-tabori.si\/foto-video\/sprachferien-im-arboretum-14-7-18-7-2025\/"},"modified":"2025-07-13T13:15:11","modified_gmt":"2025-07-13T11:15:11","slug":"sprachferien-im-arboretum-14-7-18-7-2025","status":"publish","type":"page","link":"https:\/\/www.poletni-tabori.si\/de\/foto-video\/sprachferien-im-arboretum-14-7-18-7-2025\/","title":{"rendered":"Sprachferien im Arboretum &#8211; 14.7. &#8211; 18.7.  2025"},"content":{"rendered":"<div id='layer_slider_1'  class='avia-layerslider main_color avia-shadow  avia-builder-el-0  el_before_av_heading  avia-builder-el-first  container_wrap sidebar_right'  style='height: 251px; max-width: 1130px; margin: 0 auto;'  ><\/div><div id='after_layer_slider_1'  class='main_color av_default_container_wrap container_wrap sidebar_right'  ><div class='container av-section-cont-open' ><div class='template-page content  av-content-small alpha units'><div class='post-entry post-entry-type-page post-entry-28402'><div class='entry-content-wrapper clearfix'>\n\n<style type=\"text\/css\" data-created_by=\"avia_inline_auto\" id=\"style-css-av-kd1ojl35-b083fefd9785b7bdff26d14cc0339526\">\n#top .av-special-heading.av-kd1ojl35-b083fefd9785b7bdff26d14cc0339526{\npadding-bottom:10px;\ncolor:#006a9d;\n}\nbody .av-special-heading.av-kd1ojl35-b083fefd9785b7bdff26d14cc0339526 .av-special-heading-tag .heading-char{\nfont-size:25px;\n}\n.av-special-heading.av-kd1ojl35-b083fefd9785b7bdff26d14cc0339526 .special-heading-inner-border{\nborder-color:#006a9d;\n}\n.av-special-heading.av-kd1ojl35-b083fefd9785b7bdff26d14cc0339526 .av-subheading{\nfont-size:15px;\n}\n<\/style>\n<div  class='av-special-heading av-kd1ojl35-b083fefd9785b7bdff26d14cc0339526 av-special-heading-h3 custom-color-heading  avia-builder-el-1  el_after_av_layerslider  el_before_av_heading  avia-builder-el-first  av-linked-heading'><h3 class='av-special-heading-tag '  itemprop=\"headline\"  >Sprachferien im Arboretum &#8211; 14.7. &#8211; 18.7.  2025<\/h3><div class=\"special-heading-border\"><div class=\"special-heading-inner-border\"><\/div><\/div><\/div>\n\n<style type=\"text\/css\" data-created_by=\"avia_inline_auto\" id=\"style-css-av-zoh39r-5433d81fd9c7ebc7c77e7fc3bcc6fe22\">\n#top .av-special-heading.av-zoh39r-5433d81fd9c7ebc7c77e7fc3bcc6fe22{\npadding-bottom:10px;\ncolor:#006a9d;\n}\nbody .av-special-heading.av-zoh39r-5433d81fd9c7ebc7c77e7fc3bcc6fe22 .av-special-heading-tag .heading-char{\nfont-size:25px;\n}\n.av-special-heading.av-zoh39r-5433d81fd9c7ebc7c77e7fc3bcc6fe22 .special-heading-inner-border{\nborder-color:#006a9d;\n}\n.av-special-heading.av-zoh39r-5433d81fd9c7ebc7c77e7fc3bcc6fe22 .av-subheading{\nfont-size:15px;\n}\n<\/style>\n<div  class='av-special-heading av-zoh39r-5433d81fd9c7ebc7c77e7fc3bcc6fe22 av-special-heading-h3 custom-color-heading  avia-builder-el-2  el_after_av_heading  el_before_av_textblock '><h3 class='av-special-heading-tag '  itemprop=\"headline\"  >Foto-Highlights aus dem Camp<\/h3><div class=\"special-heading-border\"><div class=\"special-heading-inner-border\"><\/div><\/div><\/div>\n<section  class='av_textblock_section av-1r3pyal-006e9c7fac4560a0de2f400e76fc8d87 '   itemscope=\"itemscope\" itemtype=\"https:\/\/schema.org\/CreativeWork\" ><div class='avia_textblock'  itemprop=\"text\" >ngg_shortcode_0_placeholder\n<\/div><\/section>\n\n<style type=\"text\/css\" data-created_by=\"avia_inline_auto\" id=\"style-css-av-imrgwf-fe81d704057c511c0b82f61a4a00adf8\">\n#top .av-special-heading.av-imrgwf-fe81d704057c511c0b82f61a4a00adf8{\npadding-bottom:10px;\ncolor:#006a9d;\n}\nbody .av-special-heading.av-imrgwf-fe81d704057c511c0b82f61a4a00adf8 .av-special-heading-tag .heading-char{\nfont-size:25px;\n}\n.av-special-heading.av-imrgwf-fe81d704057c511c0b82f61a4a00adf8 .special-heading-inner-border{\nborder-color:#006a9d;\n}\n.av-special-heading.av-imrgwf-fe81d704057c511c0b82f61a4a00adf8 .av-subheading{\nfont-size:15px;\n}\n<\/style>\n<div  class='av-special-heading av-imrgwf-fe81d704057c511c0b82f61a4a00adf8 av-special-heading-h3 custom-color-heading  avia-builder-el-4  el_after_av_textblock  el_before_av_textblock '><h3 class='av-special-heading-tag '  itemprop=\"headline\"  >Video-Highlights aus dem Camp<\/h3><div class=\"special-heading-border\"><div class=\"special-heading-inner-border\"><\/div><\/div><\/div>\n<section  class='av_textblock_section av-my9rtp-e01c4faf312d7215a4b35f881c8c50e8 '   itemscope=\"itemscope\" itemtype=\"https:\/\/schema.org\/CreativeWork\" ><div class='avia_textblock'  itemprop=\"text\" >\n<div class=\"epyt-gallery \" data-currpage=\"1\" id=\"epyt_gallery_89035\">\n<div class=\"epyt-video-wrapper\">\n<div  data-ep-a=\"fadeIn\"  id=\"_ytid_44400\"  width=\"600\" height=\"338\"  data-origwidth=\"600\" data-origheight=\"338\"  data-relstop=\"1\" data-facadesrc=\"https:\/\/www.youtube.com\/embed\/xh6-SZFoZG4?enablejsapi=1&#038;autoplay=0&#038;cc_load_policy=0&#038;cc_lang_pref=&#038;iv_load_policy=3&#038;loop=0&#038;rel=0&#038;fs=1&#038;playsinline=0&#038;autohide=2&#038;theme=dark&#038;color=red&#038;controls=1&#038;disablekb=0&#038;index=0&#038;\" class=\"__youtube_prefs__ epyt-facade  epyt-is-override  no-lazyload\" data-epytgalleryid=\"epyt_gallery_89035\" ><img decoding=\"async\" data-spai-excluded=\"true\" class=\"epyt-facade-poster skip-lazy\" loading=\"lazy\"  alt=\"Jezikovne po\u010ditnice v Arboretumu \u2013 14.7. \u2013 18.7. 2025\"  src=\"https:\/\/i.ytimg.com\/vi\/xh6-SZFoZG4\/maxresdefault.jpg\"  \/><button class=\"epyt-facade-play\" aria-label=\"Play\"><svg data-no-lazy=\"1\" height=\"100%\" version=\"1.1\" viewBox=\"0 0 68 48\" width=\"100%\"><path class=\"ytp-large-play-button-bg\" d=\"M66.52,7.74c-0.78-2.93-2.49-5.41-5.42-6.19C55.79,.13,34,0,34,0S12.21,.13,6.9,1.55 C3.97,2.33,2.27,4.81,1.48,7.74C0.06,13.05,0,24,0,24s0.06,10.95,1.48,16.26c0.78,2.93,2.49,5.41,5.42,6.19 C12.21,47.87,34,48,34,48s21.79-0.13,27.1-1.55c2.93-0.78,4.64-3.26,5.42-6.19C67.94,34.95,68,24,68,24S67.94,13.05,66.52,7.74z\" fill=\"#f00\"><\/path><path d=\"M 45,24 27,14 27,34\" fill=\"#fff\"><\/path><\/svg><\/button><\/div>\n<\/div>\n<div class=\"epyt-gallery-list epyt-gallery-style-gridembedyt\">\n<div class=\"epyt-pagination \">\n<div tabindex=\"0\" role=\"button\" class=\"epyt-pagebutton epyt-prev  hide \" data-playlistid=\"PLdicrXoDkMlqbhTtA-EQ2JW93MXRXkseC\" data-pagesize=\"15\" data-pagetoken=\"\" data-style=\"gridembedyt\" data-epcolumns=\"3\" data-showtitle=\"1\" data-showpaging=\"1\" data-autonext=\"0\" data-hidethumbimg=\"0\" data-thumbplay=\"1\">\n<div class=\"epyt-arrow\">&laquo;<\/div>\n<div>Prev<\/div>\n<\/div>\n<div class=\"epyt-pagenumbers \">\n<div class=\"epyt-current\">1<\/div>\n<div class=\"epyt-pageseparator\"> \/ <\/div>\n<div class=\"epyt-totalpages\">6<\/div>\n<\/div>\n<div tabindex=\"0\" role=\"button\" class=\"epyt-pagebutton epyt-next\" data-playlistid=\"PLdicrXoDkMlqbhTtA-EQ2JW93MXRXkseC\" data-pagesize=\"15\" data-pagetoken=\"EAAaHlBUOkNBOGlFRUkxTnpFd05EUTFPRUUzTXpFNE5qTQ\" data-style=\"gridembedyt\" data-epcolumns=\"3\" data-showtitle=\"1\" data-showpaging=\"1\" data-autonext=\"0\" data-hidethumbimg=\"0\" data-thumbplay=\"1\">\n<div>Next<\/div>\n<div class=\"epyt-arrow\">&raquo;<\/div>\n<\/div>\n<div class=\"epyt-loader\"><img loading=\"lazy\" decoding=\"async\" alt=\"loading\" width=\"16\" height=\"11\" src=\"https:\/\/www.poletni-tabori.si\/wp-content\/plugins\/youtube-embed-plus-pro\/images\/gallery-page-loader.gif\"><\/div>\n<\/div>\n<div class=\"epyt-gallery-allthumbs \">\n<div tabindex=\"0\" role=\"button\" data-videoid=\"xh6-SZFoZG4\" class=\"epyt-gallery-thumb \" >\n<div class=\"epyt-gallery-img-box\">\n<div class=\"epyt-gallery-img\" style=\"background-image: url(https:\/\/i.ytimg.com\/vi\/xh6-SZFoZG4\/hqdefault.jpg)\">\n<div class=\"epyt-gallery-playhover\"><img loading=\"lazy\" decoding=\"async\" alt=\"play\" class=\"epyt-play-img\" width=\"30\" height=\"23\" src=\"https:\/\/www.poletni-tabori.si\/wp-content\/plugins\/youtube-embed-plus-pro\/images\/playhover.png\" data-no-lazy=\"1\" data-skipgform_ajax_framebjll=\"\" \/><\/p>\n<div class=\"epyt-gallery-playcrutch\"><\/div>\n<\/div>\n<\/div>\n<\/div>\n<div class=\"epyt-gallery-title\">Acting alike an animal<\/div>\n<\/div>\n<div tabindex=\"0\" role=\"button\" data-videoid=\"Vh9JYtBzou4\" class=\"epyt-gallery-thumb \" >\n<div class=\"epyt-gallery-img-box\">\n<div class=\"epyt-gallery-img\" style=\"background-image: url(https:\/\/i.ytimg.com\/vi\/Vh9JYtBzou4\/hqdefault.jpg)\">\n<div class=\"epyt-gallery-playhover\"><img loading=\"lazy\" decoding=\"async\" alt=\"play\" class=\"epyt-play-img\" width=\"30\" height=\"23\" src=\"https:\/\/www.poletni-tabori.si\/wp-content\/plugins\/youtube-embed-plus-pro\/images\/playhover.png\" data-no-lazy=\"1\" data-skipgform_ajax_framebjll=\"\" \/><\/p>\n<div class=\"epyt-gallery-playcrutch\"><\/div>\n<\/div>\n<\/div>\n<\/div>\n<div class=\"epyt-gallery-title\">Farbenlied<\/div>\n<\/div>\n<div tabindex=\"0\" role=\"button\" data-videoid=\"0qNLry2sQdI\" class=\"epyt-gallery-thumb \" >\n<div class=\"epyt-gallery-img-box\">\n<div class=\"epyt-gallery-img\" style=\"background-image: url(https:\/\/i.ytimg.com\/vi\/0qNLry2sQdI\/hqdefault.jpg)\">\n<div class=\"epyt-gallery-playhover\"><img loading=\"lazy\" decoding=\"async\" alt=\"play\" class=\"epyt-play-img\" width=\"30\" height=\"23\" src=\"https:\/\/www.poletni-tabori.si\/wp-content\/plugins\/youtube-embed-plus-pro\/images\/playhover.png\" data-no-lazy=\"1\" data-skipgform_ajax_framebjll=\"\" \/><\/p>\n<div class=\"epyt-gallery-playcrutch\"><\/div>\n<\/div>\n<\/div>\n<\/div>\n<div class=\"epyt-gallery-title\">Z\u00e4hlen bis 10<\/div>\n<\/div>\n<div class=\"epyt-gallery-rowbreak\"><\/div>\n<div tabindex=\"0\" role=\"button\" data-videoid=\"7FAQlgoyenY\" class=\"epyt-gallery-thumb \" >\n<div class=\"epyt-gallery-img-box\">\n<div class=\"epyt-gallery-img\" style=\"background-image: url(https:\/\/i.ytimg.com\/vi\/7FAQlgoyenY\/hqdefault.jpg)\">\n<div class=\"epyt-gallery-playhover\"><img loading=\"lazy\" decoding=\"async\" alt=\"play\" class=\"epyt-play-img\" width=\"30\" height=\"23\" src=\"https:\/\/www.poletni-tabori.si\/wp-content\/plugins\/youtube-embed-plus-pro\/images\/playhover.png\" data-no-lazy=\"1\" data-skipgform_ajax_framebjll=\"\" \/><\/p>\n<div class=\"epyt-gallery-playcrutch\"><\/div>\n<\/div>\n<\/div>\n<\/div>\n<div class=\"epyt-gallery-title\">Our week and our nature<\/div>\n<\/div>\n<div tabindex=\"0\" role=\"button\" data-videoid=\"RovTO0jtGUg\" class=\"epyt-gallery-thumb \" >\n<div class=\"epyt-gallery-img-box\">\n<div class=\"epyt-gallery-img\" style=\"background-image: url(https:\/\/i.ytimg.com\/vi\/RovTO0jtGUg\/hqdefault.jpg)\">\n<div class=\"epyt-gallery-playhover\"><img loading=\"lazy\" decoding=\"async\" alt=\"play\" class=\"epyt-play-img\" width=\"30\" height=\"23\" src=\"https:\/\/www.poletni-tabori.si\/wp-content\/plugins\/youtube-embed-plus-pro\/images\/playhover.png\" data-no-lazy=\"1\" data-skipgform_ajax_framebjll=\"\" \/><\/p>\n<div class=\"epyt-gallery-playcrutch\"><\/div>\n<\/div>\n<\/div>\n<\/div>\n<div class=\"epyt-gallery-title\">Travni\u0161ke \u017eivali v sloven\u0161\u010dini<\/div>\n<\/div>\n<div tabindex=\"0\" role=\"button\" data-videoid=\"IK-rF_7Ux-I\" class=\"epyt-gallery-thumb \" >\n<div class=\"epyt-gallery-img-box\">\n<div class=\"epyt-gallery-img\" style=\"background-image: url(https:\/\/i.ytimg.com\/vi\/IK-rF_7Ux-I\/hqdefault.jpg)\">\n<div class=\"epyt-gallery-playhover\"><img loading=\"lazy\" decoding=\"async\" alt=\"play\" class=\"epyt-play-img\" width=\"30\" height=\"23\" src=\"https:\/\/www.poletni-tabori.si\/wp-content\/plugins\/youtube-embed-plus-pro\/images\/playhover.png\" data-no-lazy=\"1\" data-skipgform_ajax_framebjll=\"\" \/><\/p>\n<div class=\"epyt-gallery-playcrutch\"><\/div>\n<\/div>\n<\/div>\n<\/div>\n<div class=\"epyt-gallery-title\">Song If you are happy<\/div>\n<\/div>\n<div class=\"epyt-gallery-rowbreak\"><\/div>\n<div tabindex=\"0\" role=\"button\" data-videoid=\"x9LcVGcH6wU\" class=\"epyt-gallery-thumb \" >\n<div class=\"epyt-gallery-img-box\">\n<div class=\"epyt-gallery-img\" style=\"background-image: url(https:\/\/i.ytimg.com\/vi\/x9LcVGcH6wU\/hqdefault.jpg)\">\n<div class=\"epyt-gallery-playhover\"><img loading=\"lazy\" decoding=\"async\" alt=\"play\" class=\"epyt-play-img\" width=\"30\" height=\"23\" src=\"https:\/\/www.poletni-tabori.si\/wp-content\/plugins\/youtube-embed-plus-pro\/images\/playhover.png\" data-no-lazy=\"1\" data-skipgform_ajax_framebjll=\"\" \/><\/p>\n<div class=\"epyt-gallery-playcrutch\"><\/div>\n<\/div>\n<\/div>\n<\/div>\n<div class=\"epyt-gallery-title\">Goodbye song<\/div>\n<\/div>\n<div tabindex=\"0\" role=\"button\" data-videoid=\"tbhcU1drMQw\" class=\"epyt-gallery-thumb \" >\n<div class=\"epyt-gallery-img-box\">\n<div class=\"epyt-gallery-img\" style=\"background-image: url(https:\/\/i.ytimg.com\/vi\/tbhcU1drMQw\/hqdefault.jpg)\">\n<div class=\"epyt-gallery-playhover\"><img loading=\"lazy\" decoding=\"async\" alt=\"play\" class=\"epyt-play-img\" width=\"30\" height=\"23\" src=\"https:\/\/www.poletni-tabori.si\/wp-content\/plugins\/youtube-embed-plus-pro\/images\/playhover.png\" data-no-lazy=\"1\" data-skipgform_ajax_framebjll=\"\" \/><\/p>\n<div class=\"epyt-gallery-playcrutch\"><\/div>\n<\/div>\n<\/div>\n<\/div>\n<div class=\"epyt-gallery-title\">What can you feel and smell<\/div>\n<\/div>\n<div tabindex=\"0\" role=\"button\" data-videoid=\"VUdpXKNWr0U\" class=\"epyt-gallery-thumb \" >\n<div class=\"epyt-gallery-img-box\">\n<div class=\"epyt-gallery-img\" style=\"background-image: url(https:\/\/i.ytimg.com\/vi\/VUdpXKNWr0U\/hqdefault.jpg)\">\n<div class=\"epyt-gallery-playhover\"><img loading=\"lazy\" decoding=\"async\" alt=\"play\" class=\"epyt-play-img\" width=\"30\" height=\"23\" src=\"https:\/\/www.poletni-tabori.si\/wp-content\/plugins\/youtube-embed-plus-pro\/images\/playhover.png\" data-no-lazy=\"1\" data-skipgform_ajax_framebjll=\"\" \/><\/p>\n<div class=\"epyt-gallery-playcrutch\"><\/div>\n<\/div>\n<\/div>\n<\/div>\n<div class=\"epyt-gallery-title\">This is     our nature<\/div>\n<\/div>\n<div class=\"epyt-gallery-rowbreak\"><\/div>\n<div tabindex=\"0\" role=\"button\" data-videoid=\"bU27JQklJ9E\" class=\"epyt-gallery-thumb \" >\n<div class=\"epyt-gallery-img-box\">\n<div class=\"epyt-gallery-img\" style=\"background-image: url(https:\/\/i.ytimg.com\/vi\/bU27JQklJ9E\/hqdefault.jpg)\">\n<div class=\"epyt-gallery-playhover\"><img loading=\"lazy\" decoding=\"async\" alt=\"play\" class=\"epyt-play-img\" width=\"30\" height=\"23\" src=\"https:\/\/www.poletni-tabori.si\/wp-content\/plugins\/youtube-embed-plus-pro\/images\/playhover.png\" data-no-lazy=\"1\" data-skipgform_ajax_framebjll=\"\" \/><\/p>\n<div class=\"epyt-gallery-playcrutch\"><\/div>\n<\/div>\n<\/div>\n<\/div>\n<div class=\"epyt-gallery-title\">Rehearsal our nature<\/div>\n<\/div>\n<div tabindex=\"0\" role=\"button\" data-videoid=\"2cnTBFEI-KU\" class=\"epyt-gallery-thumb \" >\n<div class=\"epyt-gallery-img-box\">\n<div class=\"epyt-gallery-img\" style=\"background-image: url(https:\/\/i.ytimg.com\/vi\/2cnTBFEI-KU\/hqdefault.jpg)\">\n<div class=\"epyt-gallery-playhover\"><img loading=\"lazy\" decoding=\"async\" alt=\"play\" class=\"epyt-play-img\" width=\"30\" height=\"23\" src=\"https:\/\/www.poletni-tabori.si\/wp-content\/plugins\/youtube-embed-plus-pro\/images\/playhover.png\" data-no-lazy=\"1\" data-skipgform_ajax_framebjll=\"\" \/><\/p>\n<div class=\"epyt-gallery-playcrutch\"><\/div>\n<\/div>\n<\/div>\n<\/div>\n<div class=\"epyt-gallery-title\">Revision of insects<\/div>\n<\/div>\n<div tabindex=\"0\" role=\"button\" data-videoid=\"BoNKQIkV7yw\" class=\"epyt-gallery-thumb \" >\n<div class=\"epyt-gallery-img-box\">\n<div class=\"epyt-gallery-img\" style=\"background-image: url(https:\/\/i.ytimg.com\/vi\/BoNKQIkV7yw\/hqdefault.jpg)\">\n<div class=\"epyt-gallery-playhover\"><img loading=\"lazy\" decoding=\"async\" alt=\"play\" class=\"epyt-play-img\" width=\"30\" height=\"23\" src=\"https:\/\/www.poletni-tabori.si\/wp-content\/plugins\/youtube-embed-plus-pro\/images\/playhover.png\" data-no-lazy=\"1\" data-skipgform_ajax_framebjll=\"\" \/><\/p>\n<div class=\"epyt-gallery-playcrutch\"><\/div>\n<\/div>\n<\/div>\n<\/div>\n<div class=\"epyt-gallery-title\">Refreshment<\/div>\n<\/div>\n<div class=\"epyt-gallery-rowbreak\"><\/div>\n<div tabindex=\"0\" role=\"button\" data-videoid=\"OgJb5CL9jiY\" class=\"epyt-gallery-thumb \" >\n<div class=\"epyt-gallery-img-box\">\n<div class=\"epyt-gallery-img\" style=\"background-image: url(https:\/\/i.ytimg.com\/vi\/OgJb5CL9jiY\/hqdefault.jpg)\">\n<div class=\"epyt-gallery-playhover\"><img loading=\"lazy\" decoding=\"async\" alt=\"play\" class=\"epyt-play-img\" width=\"30\" height=\"23\" src=\"https:\/\/www.poletni-tabori.si\/wp-content\/plugins\/youtube-embed-plus-pro\/images\/playhover.png\" data-no-lazy=\"1\" data-skipgform_ajax_framebjll=\"\" \/><\/p>\n<div class=\"epyt-gallery-playcrutch\"><\/div>\n<\/div>\n<\/div>\n<\/div>\n<div class=\"epyt-gallery-title\">Observing nature and learning English<\/div>\n<\/div>\n<div tabindex=\"0\" role=\"button\" data-videoid=\"r4luHdY5e3c\" class=\"epyt-gallery-thumb \" >\n<div class=\"epyt-gallery-img-box\">\n<div class=\"epyt-gallery-img\" style=\"background-image: url(https:\/\/i.ytimg.com\/vi\/r4luHdY5e3c\/hqdefault.jpg)\">\n<div class=\"epyt-gallery-playhover\"><img loading=\"lazy\" decoding=\"async\" alt=\"play\" class=\"epyt-play-img\" width=\"30\" height=\"23\" src=\"https:\/\/www.poletni-tabori.si\/wp-content\/plugins\/youtube-embed-plus-pro\/images\/playhover.png\" data-no-lazy=\"1\" data-skipgform_ajax_framebjll=\"\" \/><\/p>\n<div class=\"epyt-gallery-playcrutch\"><\/div>\n<\/div>\n<\/div>\n<\/div>\n<div class=\"epyt-gallery-title\">free time<\/div>\n<\/div>\n<div tabindex=\"0\" role=\"button\" data-videoid=\"iejWnClsgZw\" class=\"epyt-gallery-thumb \" >\n<div class=\"epyt-gallery-img-box\">\n<div class=\"epyt-gallery-img\" style=\"background-image: url(https:\/\/i.ytimg.com\/vi\/iejWnClsgZw\/hqdefault.jpg)\">\n<div class=\"epyt-gallery-playhover\"><img loading=\"lazy\" decoding=\"async\" alt=\"play\" class=\"epyt-play-img\" width=\"30\" height=\"23\" src=\"https:\/\/www.poletni-tabori.si\/wp-content\/plugins\/youtube-embed-plus-pro\/images\/playhover.png\" data-no-lazy=\"1\" data-skipgform_ajax_framebjll=\"\" \/><\/p>\n<div class=\"epyt-gallery-playcrutch\"><\/div>\n<\/div>\n<\/div>\n<\/div>\n<div class=\"epyt-gallery-title\">Describing animals<\/div>\n<\/div>\n<div class=\"epyt-gallery-rowbreak\"><\/div>\n<div class=\"epyt-gallery-clear\"><\/div>\n<\/div>\n<div class=\"epyt-pagination \">\n<div tabindex=\"0\" role=\"button\" class=\"epyt-pagebutton epyt-prev  hide \" data-playlistid=\"PLdicrXoDkMlqbhTtA-EQ2JW93MXRXkseC\" data-pagesize=\"15\" data-pagetoken=\"\" data-style=\"gridembedyt\" data-epcolumns=\"3\" data-showtitle=\"1\" data-showpaging=\"1\" data-autonext=\"0\" data-hidethumbimg=\"0\" data-thumbplay=\"1\">\n<div class=\"epyt-arrow\">&laquo;<\/div>\n<div>Prev<\/div>\n<\/div>\n<div class=\"epyt-pagenumbers \">\n<div class=\"epyt-current\">1<\/div>\n<div class=\"epyt-pageseparator\"> \/ <\/div>\n<div class=\"epyt-totalpages\">6<\/div>\n<\/div>\n<div tabindex=\"0\" role=\"button\" class=\"epyt-pagebutton epyt-next\" data-playlistid=\"PLdicrXoDkMlqbhTtA-EQ2JW93MXRXkseC\" data-pagesize=\"15\" data-pagetoken=\"EAAaHlBUOkNBOGlFRUkxTnpFd05EUTFPRUUzTXpFNE5qTQ\" data-style=\"gridembedyt\" data-epcolumns=\"3\" data-showtitle=\"1\" data-showpaging=\"1\" data-autonext=\"0\" data-hidethumbimg=\"0\" data-thumbplay=\"1\">\n<div>Next<\/div>\n<div class=\"epyt-arrow\">&raquo;<\/div>\n<\/div>\n<div class=\"epyt-loader\"><img loading=\"lazy\" decoding=\"async\" alt=\"loading\" width=\"16\" height=\"11\" src=\"https:\/\/www.poletni-tabori.si\/wp-content\/plugins\/youtube-embed-plus-pro\/images\/gallery-page-loader.gif\"><\/div>\n<\/div>\n<\/div>\n<\/div>\n<\/div><\/section>\n","protected":false},"excerpt":{"rendered":"","protected":false},"author":5,"featured_media":28396,"parent":11128,"menu_order":0,"comment_status":"closed","ping_status":"closed","template":"","meta":{"_analytify_skip_tracking":false,"ngg_post_thumbnail":0,"footnotes":""},"class_list":["post-28402","page","type-page","status-publish","has-post-thumbnail","hentry"],"amp_enabled":true,"_links":{"self":[{"href":"https:\/\/www.poletni-tabori.si\/de\/wp-json\/wp\/v2\/pages\/28402","targetHints":{"allow":["GET"]}}],"collection":[{"href":"https:\/\/www.poletni-tabori.si\/de\/wp-json\/wp\/v2\/pages"}],"about":[{"href":"https:\/\/www.poletni-tabori.si\/de\/wp-json\/wp\/v2\/types\/page"}],"author":[{"embeddable":true,"href":"https:\/\/www.poletni-tabori.si\/de\/wp-json\/wp\/v2\/users\/5"}],"replies":[{"embeddable":true,"href":"https:\/\/www.poletni-tabori.si\/de\/wp-json\/wp\/v2\/comments?post=28402"}],"version-history":[{"count":2,"href":"https:\/\/www.poletni-tabori.si\/de\/wp-json\/wp\/v2\/pages\/28402\/revisions"}],"predecessor-version":[{"id":28404,"href":"https:\/\/www.poletni-tabori.si\/de\/wp-json\/wp\/v2\/pages\/28402\/revisions\/28404"}],"up":[{"embeddable":true,"href":"https:\/\/www.poletni-tabori.si\/de\/wp-json\/wp\/v2\/pages\/11128"}],"wp:featuredmedia":[{"embeddable":true,"href":"https:\/\/www.poletni-tabori.si\/de\/wp-json\/wp\/v2\/media\/28396"}],"wp:attachment":[{"href":"https:\/\/www.poletni-tabori.si\/de\/wp-json\/wp\/v2\/media?parent=28402"}],"curies":[{"name":"wp","href":"https:\/\/api.w.org\/{rel}","templated":true}]}}