{"id":28567,"date":"2025-07-26T14:03:55","date_gmt":"2025-07-26T12:03:55","guid":{"rendered":"https:\/\/www.poletni-tabori.si\/foto-video\/foto-sportlager-auf-englisch-in-kozjansko-26-7-2-8-2025\/"},"modified":"2025-07-26T14:07:09","modified_gmt":"2025-07-26T12:07:09","slug":"foto-sportlager-auf-englisch-in-kozjansko-26-7-2-8-2025","status":"publish","type":"page","link":"https:\/\/www.poletni-tabori.si\/de\/foto-video\/foto-sportlager-auf-englisch-in-kozjansko-26-7-2-8-2025\/","title":{"rendered":"Foto-SportCamp auf Englisch in Kozjansko &#8211; 26.7.-2.8.2025"},"content":{"rendered":"<div id='layer_slider_1'  class='avia-layerslider main_color avia-shadow  avia-builder-el-0  el_before_av_heading  avia-builder-el-first  container_wrap sidebar_right'  style='height: 251px; max-width: 1130px; margin: 0 auto;'  ><\/div><div id='after_layer_slider_1'  class='main_color av_default_container_wrap container_wrap sidebar_right'  ><div class='container av-section-cont-open' ><div class='template-page content  av-content-small alpha units'><div class='post-entry post-entry-type-page post-entry-28567'><div class='entry-content-wrapper clearfix'>\n\n<style type=\"text\/css\" data-created_by=\"avia_inline_auto\" id=\"style-css-av-kd1ojl35-b1b0e0633579adb3c63261827b3f9a3b\">\n#top .av-special-heading.av-kd1ojl35-b1b0e0633579adb3c63261827b3f9a3b{\npadding-bottom:10px;\ncolor:#006a9d;\n}\nbody .av-special-heading.av-kd1ojl35-b1b0e0633579adb3c63261827b3f9a3b .av-special-heading-tag .heading-char{\nfont-size:25px;\n}\n.av-special-heading.av-kd1ojl35-b1b0e0633579adb3c63261827b3f9a3b .special-heading-inner-border{\nborder-color:#006a9d;\n}\n.av-special-heading.av-kd1ojl35-b1b0e0633579adb3c63261827b3f9a3b .av-subheading{\nfont-size:15px;\n}\n<\/style>\n<div  class='av-special-heading av-kd1ojl35-b1b0e0633579adb3c63261827b3f9a3b av-special-heading-h3 custom-color-heading  avia-builder-el-1  el_after_av_layerslider  el_before_av_heading  avia-builder-el-first  av-linked-heading'><h3 class='av-special-heading-tag '  itemprop=\"headline\"  >Foto-SporCamp auf Englisch in Kozjansko &#8211; 26.7.-2.8.2025<\/h3><div class=\"special-heading-border\"><div class=\"special-heading-inner-border\"><\/div><\/div><\/div>\n\n<style type=\"text\/css\" data-created_by=\"avia_inline_auto\" id=\"style-css-av-zoh39r-5433d81fd9c7ebc7c77e7fc3bcc6fe22\">\n#top .av-special-heading.av-zoh39r-5433d81fd9c7ebc7c77e7fc3bcc6fe22{\npadding-bottom:10px;\ncolor:#006a9d;\n}\nbody .av-special-heading.av-zoh39r-5433d81fd9c7ebc7c77e7fc3bcc6fe22 .av-special-heading-tag .heading-char{\nfont-size:25px;\n}\n.av-special-heading.av-zoh39r-5433d81fd9c7ebc7c77e7fc3bcc6fe22 .special-heading-inner-border{\nborder-color:#006a9d;\n}\n.av-special-heading.av-zoh39r-5433d81fd9c7ebc7c77e7fc3bcc6fe22 .av-subheading{\nfont-size:15px;\n}\n<\/style>\n<div  class='av-special-heading av-zoh39r-5433d81fd9c7ebc7c77e7fc3bcc6fe22 av-special-heading-h3 custom-color-heading  avia-builder-el-2  el_after_av_heading  el_before_av_textblock '><h3 class='av-special-heading-tag '  itemprop=\"headline\"  >Foto-Highlights aus dem Camp<\/h3><div class=\"special-heading-border\"><div class=\"special-heading-inner-border\"><\/div><\/div><\/div>\n<section  class='av_textblock_section av-1r3pyal-006e9c7fac4560a0de2f400e76fc8d87 '   itemscope=\"itemscope\" itemtype=\"https:\/\/schema.org\/CreativeWork\" ><div class='avia_textblock'  itemprop=\"text\" >ngg_shortcode_0_placeholder\n<\/div><\/section>\n\n<style type=\"text\/css\" data-created_by=\"avia_inline_auto\" id=\"style-css-av-imrgwf-fe81d704057c511c0b82f61a4a00adf8\">\n#top .av-special-heading.av-imrgwf-fe81d704057c511c0b82f61a4a00adf8{\npadding-bottom:10px;\ncolor:#006a9d;\n}\nbody .av-special-heading.av-imrgwf-fe81d704057c511c0b82f61a4a00adf8 .av-special-heading-tag .heading-char{\nfont-size:25px;\n}\n.av-special-heading.av-imrgwf-fe81d704057c511c0b82f61a4a00adf8 .special-heading-inner-border{\nborder-color:#006a9d;\n}\n.av-special-heading.av-imrgwf-fe81d704057c511c0b82f61a4a00adf8 .av-subheading{\nfont-size:15px;\n}\n<\/style>\n<div  class='av-special-heading av-imrgwf-fe81d704057c511c0b82f61a4a00adf8 av-special-heading-h3 custom-color-heading  avia-builder-el-4  el_after_av_textblock  el_before_av_textblock '><h3 class='av-special-heading-tag '  itemprop=\"headline\"  >Video-Highlights aus dem Camp<\/h3><div class=\"special-heading-border\"><div class=\"special-heading-inner-border\"><\/div><\/div><\/div>\n<section  class='av_textblock_section av-my9rtp-e01c4faf312d7215a4b35f881c8c50e8 '   itemscope=\"itemscope\" itemtype=\"https:\/\/schema.org\/CreativeWork\" ><div class='avia_textblock'  itemprop=\"text\" >\n<div class=\"epyt-gallery \" data-currpage=\"1\" id=\"epyt_gallery_10508\">\n<div class=\"epyt-video-wrapper\">\n<div  data-ep-a=\"fadeIn\"  id=\"_ytid_27241\"  width=\"600\" height=\"338\"  data-origwidth=\"600\" data-origheight=\"338\"  data-relstop=\"1\" data-facadesrc=\"https:\/\/www.youtube.com\/embed\/_oNVYJcMfDs?enablejsapi=1&#038;autoplay=0&#038;cc_load_policy=0&#038;cc_lang_pref=&#038;iv_load_policy=3&#038;loop=0&#038;rel=0&#038;fs=1&#038;playsinline=0&#038;autohide=2&#038;theme=dark&#038;color=red&#038;controls=1&#038;disablekb=0&#038;index=0&#038;\" class=\"__youtube_prefs__ epyt-facade  epyt-is-override  no-lazyload\" data-epytgalleryid=\"epyt_gallery_10508\" ><img decoding=\"async\" data-spai-excluded=\"true\" class=\"epyt-facade-poster skip-lazy\" loading=\"lazy\"  alt=\"Foto-\u0161portni tabor v angle\u0161\u010dini na Kozjanskem \u2013 26.7.-2.8.2025\"  src=\"https:\/\/i.ytimg.com\/vi\/_oNVYJcMfDs\/maxresdefault.jpg\"  \/><button class=\"epyt-facade-play\" aria-label=\"Play\"><svg data-no-lazy=\"1\" height=\"100%\" version=\"1.1\" viewBox=\"0 0 68 48\" width=\"100%\"><path class=\"ytp-large-play-button-bg\" d=\"M66.52,7.74c-0.78-2.93-2.49-5.41-5.42-6.19C55.79,.13,34,0,34,0S12.21,.13,6.9,1.55 C3.97,2.33,2.27,4.81,1.48,7.74C0.06,13.05,0,24,0,24s0.06,10.95,1.48,16.26c0.78,2.93,2.49,5.41,5.42,6.19 C12.21,47.87,34,48,34,48s21.79-0.13,27.1-1.55c2.93-0.78,4.64-3.26,5.42-6.19C67.94,34.95,68,24,68,24S67.94,13.05,66.52,7.74z\" fill=\"#f00\"><\/path><path d=\"M 45,24 27,14 27,34\" fill=\"#fff\"><\/path><\/svg><\/button><\/div>\n<\/div>\n<div class=\"epyt-gallery-list epyt-gallery-style-gridembedyt\">\n<div class=\"epyt-pagination \">\n<div tabindex=\"0\" role=\"button\" class=\"epyt-pagebutton epyt-prev  hide \" data-playlistid=\"PLdicrXoDkMlrqrr2k3xpSVyPQ1sOy3i5B\" data-pagesize=\"15\" data-pagetoken=\"\" data-style=\"gridembedyt\" data-epcolumns=\"3\" data-showtitle=\"1\" data-showpaging=\"1\" data-autonext=\"0\" data-hidethumbimg=\"0\" data-thumbplay=\"1\">\n<div class=\"epyt-arrow\">&laquo;<\/div>\n<div>Prev<\/div>\n<\/div>\n<div class=\"epyt-pagenumbers \">\n<div class=\"epyt-current\">1<\/div>\n<div class=\"epyt-pageseparator\"> \/ <\/div>\n<div class=\"epyt-totalpages\">3<\/div>\n<\/div>\n<div tabindex=\"0\" role=\"button\" class=\"epyt-pagebutton epyt-next\" data-playlistid=\"PLdicrXoDkMlrqrr2k3xpSVyPQ1sOy3i5B\" data-pagesize=\"15\" data-pagetoken=\"EAAaHlBUOkNBOGlFRE5HTXpReVJVSkZPRFF5UmpKQk16UQ\" data-style=\"gridembedyt\" data-epcolumns=\"3\" data-showtitle=\"1\" data-showpaging=\"1\" data-autonext=\"0\" data-hidethumbimg=\"0\" data-thumbplay=\"1\">\n<div>Next<\/div>\n<div class=\"epyt-arrow\">&raquo;<\/div>\n<\/div>\n<div class=\"epyt-loader\"><img loading=\"lazy\" decoding=\"async\" alt=\"loading\" width=\"16\" height=\"11\" src=\"https:\/\/www.poletni-tabori.si\/wp-content\/plugins\/youtube-embed-plus-pro\/images\/gallery-page-loader.gif\"><\/div>\n<\/div>\n<div class=\"epyt-gallery-allthumbs \">\n<div tabindex=\"0\" role=\"button\" data-videoid=\"_oNVYJcMfDs\" class=\"epyt-gallery-thumb \" >\n<div class=\"epyt-gallery-img-box\">\n<div class=\"epyt-gallery-img\" style=\"background-image: url(https:\/\/i.ytimg.com\/vi\/_oNVYJcMfDs\/hqdefault.jpg)\">\n<div class=\"epyt-gallery-playhover\"><img loading=\"lazy\" decoding=\"async\" alt=\"play\" class=\"epyt-play-img\" width=\"30\" height=\"23\" src=\"https:\/\/www.poletni-tabori.si\/wp-content\/plugins\/youtube-embed-plus-pro\/images\/playhover.png\" data-no-lazy=\"1\" data-skipgform_ajax_framebjll=\"\" \/><\/p>\n<div class=\"epyt-gallery-playcrutch\"><\/div>\n<\/div>\n<\/div>\n<\/div>\n<div class=\"epyt-gallery-title\">Stone Alone &#8211; The Movie of Photo-sport Camp Prevorje 2025<\/div>\n<\/div>\n<div tabindex=\"0\" role=\"button\" data-videoid=\"LWAl4qSOpGM\" class=\"epyt-gallery-thumb \" >\n<div class=\"epyt-gallery-img-box\">\n<div class=\"epyt-gallery-img\" style=\"background-image: url(https:\/\/i.ytimg.com\/vi\/LWAl4qSOpGM\/hqdefault.jpg)\">\n<div class=\"epyt-gallery-playhover\"><img loading=\"lazy\" decoding=\"async\" alt=\"play\" class=\"epyt-play-img\" width=\"30\" height=\"23\" src=\"https:\/\/www.poletni-tabori.si\/wp-content\/plugins\/youtube-embed-plus-pro\/images\/playhover.png\" data-no-lazy=\"1\" data-skipgform_ajax_framebjll=\"\" \/><\/p>\n<div class=\"epyt-gallery-playcrutch\"><\/div>\n<\/div>\n<\/div>\n<\/div>\n<div class=\"epyt-gallery-title\">Photo-Sport Camp highlights in Prevorje<\/div>\n<\/div>\n<div tabindex=\"0\" role=\"button\" data-videoid=\"4UQ_ODuQaeI\" class=\"epyt-gallery-thumb \" >\n<div class=\"epyt-gallery-img-box\">\n<div class=\"epyt-gallery-img\" style=\"background-image: url(https:\/\/i.ytimg.com\/vi\/4UQ_ODuQaeI\/hqdefault.jpg)\">\n<div class=\"epyt-gallery-playhover\"><img loading=\"lazy\" decoding=\"async\" alt=\"play\" class=\"epyt-play-img\" width=\"30\" height=\"23\" src=\"https:\/\/www.poletni-tabori.si\/wp-content\/plugins\/youtube-embed-plus-pro\/images\/playhover.png\" data-no-lazy=\"1\" data-skipgform_ajax_framebjll=\"\" \/><\/p>\n<div class=\"epyt-gallery-playcrutch\"><\/div>\n<\/div>\n<\/div>\n<\/div>\n<div class=\"epyt-gallery-title\">Favourite part of the camp 2025<\/div>\n<\/div>\n<div class=\"epyt-gallery-rowbreak\"><\/div>\n<div tabindex=\"0\" role=\"button\" data-videoid=\"kCk94lWQ1wg\" class=\"epyt-gallery-thumb \" >\n<div class=\"epyt-gallery-img-box\">\n<div class=\"epyt-gallery-img\" style=\"background-image: url(https:\/\/i.ytimg.com\/vi\/kCk94lWQ1wg\/hqdefault.jpg)\">\n<div class=\"epyt-gallery-playhover\"><img loading=\"lazy\" decoding=\"async\" alt=\"play\" class=\"epyt-play-img\" width=\"30\" height=\"23\" src=\"https:\/\/www.poletni-tabori.si\/wp-content\/plugins\/youtube-embed-plus-pro\/images\/playhover.png\" data-no-lazy=\"1\" data-skipgform_ajax_framebjll=\"\" \/><\/p>\n<div class=\"epyt-gallery-playcrutch\"><\/div>\n<\/div>\n<\/div>\n<\/div>\n<div class=\"epyt-gallery-title\">Camp song at the International Photo-Sport Camp 2025<\/div>\n<\/div>\n<div tabindex=\"0\" role=\"button\" data-videoid=\"THpzaPa3BjI\" class=\"epyt-gallery-thumb \" >\n<div class=\"epyt-gallery-img-box\">\n<div class=\"epyt-gallery-img\" style=\"background-image: url(https:\/\/i.ytimg.com\/vi\/THpzaPa3BjI\/hqdefault.jpg)\">\n<div class=\"epyt-gallery-playhover\"><img loading=\"lazy\" decoding=\"async\" alt=\"play\" class=\"epyt-play-img\" width=\"30\" height=\"23\" src=\"https:\/\/www.poletni-tabori.si\/wp-content\/plugins\/youtube-embed-plus-pro\/images\/playhover.png\" data-no-lazy=\"1\" data-skipgform_ajax_framebjll=\"\" \/><\/p>\n<div class=\"epyt-gallery-playcrutch\"><\/div>\n<\/div>\n<\/div>\n<\/div>\n<div class=\"epyt-gallery-title\">Tiere auf dem Bauernhof lernen<\/div>\n<\/div>\n<div tabindex=\"0\" role=\"button\" data-videoid=\"WpWsnuUbmdo\" class=\"epyt-gallery-thumb \" >\n<div class=\"epyt-gallery-img-box\">\n<div class=\"epyt-gallery-img\" style=\"background-image: url(https:\/\/i.ytimg.com\/vi\/WpWsnuUbmdo\/hqdefault.jpg)\">\n<div class=\"epyt-gallery-playhover\"><img loading=\"lazy\" decoding=\"async\" alt=\"play\" class=\"epyt-play-img\" width=\"30\" height=\"23\" src=\"https:\/\/www.poletni-tabori.si\/wp-content\/plugins\/youtube-embed-plus-pro\/images\/playhover.png\" data-no-lazy=\"1\" data-skipgform_ajax_framebjll=\"\" \/><\/p>\n<div class=\"epyt-gallery-playcrutch\"><\/div>\n<\/div>\n<\/div>\n<\/div>\n<div class=\"epyt-gallery-title\">\u00dcber Sport sprechen<\/div>\n<\/div>\n<div class=\"epyt-gallery-rowbreak\"><\/div>\n<div tabindex=\"0\" role=\"button\" data-videoid=\"skX3P87Vp00\" class=\"epyt-gallery-thumb \" >\n<div class=\"epyt-gallery-img-box\">\n<div class=\"epyt-gallery-img\" style=\"background-image: url(https:\/\/i.ytimg.com\/vi\/skX3P87Vp00\/hqdefault.jpg)\">\n<div class=\"epyt-gallery-playhover\"><img loading=\"lazy\" decoding=\"async\" alt=\"play\" class=\"epyt-play-img\" width=\"30\" height=\"23\" src=\"https:\/\/www.poletni-tabori.si\/wp-content\/plugins\/youtube-embed-plus-pro\/images\/playhover.png\" data-no-lazy=\"1\" data-skipgform_ajax_framebjll=\"\" \/><\/p>\n<div class=\"epyt-gallery-playcrutch\"><\/div>\n<\/div>\n<\/div>\n<\/div>\n<div class=\"epyt-gallery-title\">TOP Photos at the Photo-Sport Camp 2025<\/div>\n<\/div>\n<div tabindex=\"0\" role=\"button\" data-videoid=\"9tEYWKYV_kM\" class=\"epyt-gallery-thumb \" >\n<div class=\"epyt-gallery-img-box\">\n<div class=\"epyt-gallery-img\" style=\"background-image: url(https:\/\/i.ytimg.com\/vi\/9tEYWKYV_kM\/hqdefault.jpg)\">\n<div class=\"epyt-gallery-playhover\"><img loading=\"lazy\" decoding=\"async\" alt=\"play\" class=\"epyt-play-img\" width=\"30\" height=\"23\" src=\"https:\/\/www.poletni-tabori.si\/wp-content\/plugins\/youtube-embed-plus-pro\/images\/playhover.png\" data-no-lazy=\"1\" data-skipgform_ajax_framebjll=\"\" \/><\/p>\n<div class=\"epyt-gallery-playcrutch\"><\/div>\n<\/div>\n<\/div>\n<\/div>\n<div class=\"epyt-gallery-title\">ODE to the camp by campers at the final show<\/div>\n<\/div>\n<div tabindex=\"0\" role=\"button\" data-videoid=\"-lfq2G-MZXU\" class=\"epyt-gallery-thumb \" >\n<div class=\"epyt-gallery-img-box\">\n<div class=\"epyt-gallery-img\" style=\"background-image: url(https:\/\/i.ytimg.com\/vi\/-lfq2G-MZXU\/hqdefault.jpg)\">\n<div class=\"epyt-gallery-playhover\"><img loading=\"lazy\" decoding=\"async\" alt=\"play\" class=\"epyt-play-img\" width=\"30\" height=\"23\" src=\"https:\/\/www.poletni-tabori.si\/wp-content\/plugins\/youtube-embed-plus-pro\/images\/playhover.png\" data-no-lazy=\"1\" data-skipgform_ajax_framebjll=\"\" \/><\/p>\n<div class=\"epyt-gallery-playcrutch\"><\/div>\n<\/div>\n<\/div>\n<\/div>\n<div class=\"epyt-gallery-title\">Price for the group work at the photo-sport camp 2025<\/div>\n<\/div>\n<div class=\"epyt-gallery-rowbreak\"><\/div>\n<div tabindex=\"0\" role=\"button\" data-videoid=\"BFwFEOfBZ0s\" class=\"epyt-gallery-thumb \" >\n<div class=\"epyt-gallery-img-box\">\n<div class=\"epyt-gallery-img\" style=\"background-image: url(https:\/\/i.ytimg.com\/vi\/BFwFEOfBZ0s\/hqdefault.jpg)\">\n<div class=\"epyt-gallery-playhover\"><img loading=\"lazy\" decoding=\"async\" alt=\"play\" class=\"epyt-play-img\" width=\"30\" height=\"23\" src=\"https:\/\/www.poletni-tabori.si\/wp-content\/plugins\/youtube-embed-plus-pro\/images\/playhover.png\" data-no-lazy=\"1\" data-skipgform_ajax_framebjll=\"\" \/><\/p>\n<div class=\"epyt-gallery-playcrutch\"><\/div>\n<\/div>\n<\/div>\n<\/div>\n<div class=\"epyt-gallery-title\">Vlaho&#039;s presentation 2025<\/div>\n<\/div>\n<div tabindex=\"0\" role=\"button\" data-videoid=\"fnpja4jeEHk\" class=\"epyt-gallery-thumb \" >\n<div class=\"epyt-gallery-img-box\">\n<div class=\"epyt-gallery-img\" style=\"background-image: url(https:\/\/i.ytimg.com\/vi\/fnpja4jeEHk\/hqdefault.jpg)\">\n<div class=\"epyt-gallery-playhover\"><img loading=\"lazy\" decoding=\"async\" alt=\"play\" class=\"epyt-play-img\" width=\"30\" height=\"23\" src=\"https:\/\/www.poletni-tabori.si\/wp-content\/plugins\/youtube-embed-plus-pro\/images\/playhover.png\" data-no-lazy=\"1\" data-skipgform_ajax_framebjll=\"\" \/><\/p>\n<div class=\"epyt-gallery-playcrutch\"><\/div>\n<\/div>\n<\/div>\n<\/div>\n<div class=\"epyt-gallery-title\">Gregor&#039;s speech 2025<\/div>\n<\/div>\n<div tabindex=\"0\" role=\"button\" data-videoid=\"pJAuIBLAFSI\" class=\"epyt-gallery-thumb \" >\n<div class=\"epyt-gallery-img-box\">\n<div class=\"epyt-gallery-img\" style=\"background-image: url(https:\/\/i.ytimg.com\/vi\/pJAuIBLAFSI\/hqdefault.jpg)\">\n<div class=\"epyt-gallery-playhover\"><img loading=\"lazy\" decoding=\"async\" alt=\"play\" class=\"epyt-play-img\" width=\"30\" height=\"23\" src=\"https:\/\/www.poletni-tabori.si\/wp-content\/plugins\/youtube-embed-plus-pro\/images\/playhover.png\" data-no-lazy=\"1\" data-skipgform_ajax_framebjll=\"\" \/><\/p>\n<div class=\"epyt-gallery-playcrutch\"><\/div>\n<\/div>\n<\/div>\n<\/div>\n<div class=\"epyt-gallery-title\">Cutting grass<\/div>\n<\/div>\n<div class=\"epyt-gallery-rowbreak\"><\/div>\n<div tabindex=\"0\" role=\"button\" data-videoid=\"mWsuuiIo-PI\" class=\"epyt-gallery-thumb \" >\n<div class=\"epyt-gallery-img-box\">\n<div class=\"epyt-gallery-img\" style=\"background-image: url(https:\/\/i.ytimg.com\/vi\/mWsuuiIo-PI\/hqdefault.jpg)\">\n<div class=\"epyt-gallery-playhover\"><img loading=\"lazy\" decoding=\"async\" alt=\"play\" class=\"epyt-play-img\" width=\"30\" height=\"23\" src=\"https:\/\/www.poletni-tabori.si\/wp-content\/plugins\/youtube-embed-plus-pro\/images\/playhover.png\" data-no-lazy=\"1\" data-skipgform_ajax_framebjll=\"\" \/><\/p>\n<div class=\"epyt-gallery-playcrutch\"><\/div>\n<\/div>\n<\/div>\n<\/div>\n<div class=\"epyt-gallery-title\">Sneak peak<\/div>\n<\/div>\n<div tabindex=\"0\" role=\"button\" data-videoid=\"TAwZGedf5ps\" class=\"epyt-gallery-thumb \" >\n<div class=\"epyt-gallery-img-box\">\n<div class=\"epyt-gallery-img\" style=\"background-image: url(https:\/\/i.ytimg.com\/vi\/TAwZGedf5ps\/hqdefault.jpg)\">\n<div class=\"epyt-gallery-playhover\"><img loading=\"lazy\" decoding=\"async\" alt=\"play\" class=\"epyt-play-img\" width=\"30\" height=\"23\" src=\"https:\/\/www.poletni-tabori.si\/wp-content\/plugins\/youtube-embed-plus-pro\/images\/playhover.png\" data-no-lazy=\"1\" data-skipgform_ajax_framebjll=\"\" \/><\/p>\n<div class=\"epyt-gallery-playcrutch\"><\/div>\n<\/div>\n<\/div>\n<\/div>\n<div class=\"epyt-gallery-title\">Learning about the cosmos<\/div>\n<\/div>\n<div tabindex=\"0\" role=\"button\" data-videoid=\"AvVbxkeBM_o\" class=\"epyt-gallery-thumb \" >\n<div class=\"epyt-gallery-img-box\">\n<div class=\"epyt-gallery-img\" style=\"background-image: url(https:\/\/i.ytimg.com\/vi\/AvVbxkeBM_o\/hqdefault.jpg)\">\n<div class=\"epyt-gallery-playhover\"><img loading=\"lazy\" decoding=\"async\" alt=\"play\" class=\"epyt-play-img\" width=\"30\" height=\"23\" src=\"https:\/\/www.poletni-tabori.si\/wp-content\/plugins\/youtube-embed-plus-pro\/images\/playhover.png\" data-no-lazy=\"1\" data-skipgform_ajax_framebjll=\"\" \/><\/p>\n<div class=\"epyt-gallery-playcrutch\"><\/div>\n<\/div>\n<\/div>\n<\/div>\n<div class=\"epyt-gallery-title\">Astronomy-Themed Scavenger Hunt<\/div>\n<\/div>\n<div class=\"epyt-gallery-rowbreak\"><\/div>\n<div class=\"epyt-gallery-clear\"><\/div>\n<\/div>\n<div class=\"epyt-pagination \">\n<div tabindex=\"0\" role=\"button\" class=\"epyt-pagebutton epyt-prev  hide \" data-playlistid=\"PLdicrXoDkMlrqrr2k3xpSVyPQ1sOy3i5B\" data-pagesize=\"15\" data-pagetoken=\"\" data-style=\"gridembedyt\" data-epcolumns=\"3\" data-showtitle=\"1\" data-showpaging=\"1\" data-autonext=\"0\" data-hidethumbimg=\"0\" data-thumbplay=\"1\">\n<div class=\"epyt-arrow\">&laquo;<\/div>\n<div>Prev<\/div>\n<\/div>\n<div class=\"epyt-pagenumbers \">\n<div class=\"epyt-current\">1<\/div>\n<div class=\"epyt-pageseparator\"> \/ <\/div>\n<div class=\"epyt-totalpages\">3<\/div>\n<\/div>\n<div tabindex=\"0\" role=\"button\" class=\"epyt-pagebutton epyt-next\" data-playlistid=\"PLdicrXoDkMlrqrr2k3xpSVyPQ1sOy3i5B\" data-pagesize=\"15\" data-pagetoken=\"EAAaHlBUOkNBOGlFRE5HTXpReVJVSkZPRFF5UmpKQk16UQ\" data-style=\"gridembedyt\" data-epcolumns=\"3\" data-showtitle=\"1\" data-showpaging=\"1\" data-autonext=\"0\" data-hidethumbimg=\"0\" data-thumbplay=\"1\">\n<div>Next<\/div>\n<div class=\"epyt-arrow\">&raquo;<\/div>\n<\/div>\n<div class=\"epyt-loader\"><img loading=\"lazy\" decoding=\"async\" alt=\"loading\" width=\"16\" height=\"11\" src=\"https:\/\/www.poletni-tabori.si\/wp-content\/plugins\/youtube-embed-plus-pro\/images\/gallery-page-loader.gif\"><\/div>\n<\/div>\n<\/div>\n<\/div>\n<\/div><\/section>\n","protected":false},"excerpt":{"rendered":"","protected":false},"author":5,"featured_media":28560,"parent":11128,"menu_order":0,"comment_status":"closed","ping_status":"closed","template":"","meta":{"_analytify_skip_tracking":false,"ngg_post_thumbnail":0,"footnotes":""},"class_list":["post-28567","page","type-page","status-publish","has-post-thumbnail","hentry"],"amp_enabled":true,"_links":{"self":[{"href":"https:\/\/www.poletni-tabori.si\/de\/wp-json\/wp\/v2\/pages\/28567","targetHints":{"allow":["GET"]}}],"collection":[{"href":"https:\/\/www.poletni-tabori.si\/de\/wp-json\/wp\/v2\/pages"}],"about":[{"href":"https:\/\/www.poletni-tabori.si\/de\/wp-json\/wp\/v2\/types\/page"}],"author":[{"embeddable":true,"href":"https:\/\/www.poletni-tabori.si\/de\/wp-json\/wp\/v2\/users\/5"}],"replies":[{"embeddable":true,"href":"https:\/\/www.poletni-tabori.si\/de\/wp-json\/wp\/v2\/comments?post=28567"}],"version-history":[{"count":5,"href":"https:\/\/www.poletni-tabori.si\/de\/wp-json\/wp\/v2\/pages\/28567\/revisions"}],"predecessor-version":[{"id":28573,"href":"https:\/\/www.poletni-tabori.si\/de\/wp-json\/wp\/v2\/pages\/28567\/revisions\/28573"}],"up":[{"embeddable":true,"href":"https:\/\/www.poletni-tabori.si\/de\/wp-json\/wp\/v2\/pages\/11128"}],"wp:featuredmedia":[{"embeddable":true,"href":"https:\/\/www.poletni-tabori.si\/de\/wp-json\/wp\/v2\/media\/28560"}],"wp:attachment":[{"href":"https:\/\/www.poletni-tabori.si\/de\/wp-json\/wp\/v2\/media?parent=28567"}],"curies":[{"name":"wp","href":"https:\/\/api.w.org\/{rel}","templated":true}]}}